{"id":1843,"date":"2024-08-26T14:17:29","date_gmt":"2024-08-26T11:17:29","guid":{"rendered":"https:\/\/wenhomm.com\/?page_id=1843"},"modified":"2024-08-26T14:25:22","modified_gmt":"2024-08-26T11:25:22","slug":"elementor-1843","status":"publish","type":"page","link":"https:\/\/wenhomm.com\/?page_id=1843","title":{"rendered":"MESAFEL\u0130 SATI\u015e S\u00d6ZLE\u015eMES\u0130"},"content":{"rendered":"\t\t<div data-elementor-type=\"wp-page\" data-elementor-id=\"1843\" class=\"elementor elementor-1843\">\n\t\t\t\t\t\t<section class=\"elementor-section elementor-top-section elementor-element elementor-element-1e524f6 elementor-section-boxed elementor-section-height-default elementor-section-height-default\" data-id=\"1e524f6\" data-element_type=\"section\" data-e-type=\"section\">\n\t\t\t\t\t\t<div class=\"elementor-container elementor-column-gap-default\">\n\t\t\t\t\t<div class=\"elementor-column elementor-col-100 elementor-top-column elementor-element elementor-element-057de7e\" data-id=\"057de7e\" data-element_type=\"column\" data-e-type=\"column\">\n\t\t\t<div class=\"elementor-widget-wrap elementor-element-populated\">\n\t\t\t\t\t\t<div class=\"elementor-element elementor-element-b55cb91 elementor-widget elementor-widget-heading\" data-id=\"b55cb91\" data-element_type=\"widget\" data-e-type=\"widget\" data-widget_type=\"heading.default\">\n\t\t\t\t<div class=\"elementor-widget-container\">\n\t\t\t\t\t<h2 class=\"elementor-heading-title elementor-size-default\"><h1 class=\"post__title m-0 text-center\" style=\"font-size: var(--go--type-scale-6);clear: both;font-family: var(--go-heading--font-family);font-weight: var(--go-heading--font-weight);line-height: var(--go-heading--line-height);letter-spacing: var(--go-heading--letter-spacing,normal);text-align: center\">MESAFEL\u0130 SATI\u015e S\u00d6ZLE\u015eMES\u0130<\/h1><\/h2>\t\t\t\t<\/div>\n\t\t\t\t<\/div>\n\t\t\t\t\t<\/div>\n\t\t<\/div>\n\t\t\t\t\t<\/div>\n\t\t<\/section>\n\t\t\t\t<section class=\"elementor-section elementor-top-section elementor-element elementor-element-9a0430b elementor-section-boxed elementor-section-height-default elementor-section-height-default\" data-id=\"9a0430b\" data-element_type=\"section\" data-e-type=\"section\">\n\t\t\t\t\t\t<div class=\"elementor-container elementor-column-gap-default\">\n\t\t\t\t\t<div class=\"elementor-column elementor-col-100 elementor-top-column elementor-element elementor-element-ab52d26\" data-id=\"ab52d26\" data-element_type=\"column\" data-e-type=\"column\">\n\t\t\t<div class=\"elementor-widget-wrap elementor-element-populated\">\n\t\t\t\t\t\t<div class=\"elementor-element elementor-element-9092b80 elementor-widget elementor-widget-text-editor\" data-id=\"9092b80\" data-element_type=\"widget\" data-e-type=\"widget\" data-widget_type=\"text-editor.default\">\n\t\t\t\t<div class=\"elementor-widget-container\">\n\t\t\t\t\t\t\t\t\t<p><strong>MADDE 1 \u2013 S\u00d6ZLE\u015eMEN\u0130N TARAFLARI<\/strong><\/p>\n<p>SATICI : ORTABAYIR MAH.\u00c7AKMAK CADDES\u0130 A\u011eA\u00c7ALTI SOK NO:2\/A KA\u011eITHANE\/\u0130STANBUL<\/p>\n<p>Tel.: 507 023 00 38<\/p>\n<p>&nbsp;Email: info@wenhomm.com<\/p>\n<p><span style=\"background-color: transparent; color: var(--global-palette4); font-family: var(--global-body-font-family);\">ALICI: M\u00fc\u015fteri<\/span><\/p>\n<p><strong>MADDE 2 \u2013 S\u00d6ZLE\u015eMEN\u0130N KONUSU:<\/strong><\/p>\n<p>\u0130\u015f bu s\u00f6zle\u015fmenin konusu, Al\u0131c\u0131n\u0131n Sat\u0131c\u0131ya ait web sitesinden elektronik ortamda sipari\u015f verdi\u011fi, s\u00f6zle\u015fmede bahsi ge\u00e7en nitelikleri haiz ve yine s\u00f6zle\u015fmede sat\u0131\u015f fiyat\u0131 belirtilen mal\/hizmetin sat\u0131\u015f\u0131 ve teslimi ile ilgili olarak 4077 say\u0131l\u0131 T\u00fcketicilerin Korunmas\u0131 Hakk\u0131ndaki Kanun ve Mesafeli S\u00f6zle\u015fmeler Uygulama Esas ve Usulleri Hakk\u0131nda Y\u00f6netmelik h\u00fck\u00fcmleri gere\u011fince taraflar\u0131n hak ve y\u00fck\u00fcml\u00fcl\u00fcklerinin saptanmas\u0131d\u0131r. Al\u0131c\u0131, sat\u0131\u015fa konu mal\/hizmetlerin temel nitelikleri, sat\u0131\u015f fiyat\u0131, \u00f6deme \u015fekli, teslimat ko\u015fullar\u0131 vs. sat\u0131\u015fa konu mal\/hizmet ile ilgili t\u00fcm \u00f6n bilgiler ve \u201ccayma\u201d hakk\u0131 konusunda bilgi sahibi oldu\u011funu, bu \u00f6n bilgileri elektronik ortamda teyit etti\u011fini ve sonras\u0131nda mal\/hizmeti sipari\u015f verdi\u011fini is bu s\u00f6zle\u015fme h\u00fck\u00fcmlerince kabul ve beyan eder. www.wenhomm.com sitesinde \u00f6deme sayfas\u0131nda yer alan \u00f6n bilgilendirme ve fatura i\u015f bu s\u00f6zle\u015fmenin ayr\u0131lmaz par\u00e7alar\u0131d\u0131r.<\/p>\n<p><strong>MADDE 3 \u2013 S\u00d6ZLE\u015eME TAR\u0130H\u0130:<\/strong><\/p>\n<p>Sat\u0131c\u0131 taraf\u0131ndan daha \u00f6nce imzalanm\u0131\u015f bulunan i\u015f bu iki n\u00fcsha s\u00f6zle\u015fme al\u0131c\u0131 taraf\u0131ndan \u2026. tarihinde imzalanarak kabul edilmi\u015f ve bir n\u00fcshas\u0131 al\u0131c\u0131n\u0131n mail adresine mail g\u00f6nderilecektir.<\/p>\n<p><strong>MADDE 4 \u2013 MAL\/H\u0130ZMET\u0130N TESL\u0130M\u0130, S\u00d6ZLE\u015eMEN\u0130N \u0130FA YER\u0130 VE TESL\u0130M \u015eEKL\u0130:<\/strong><\/p>\n<p>Mal\/hizmet, al\u0131c\u0131n\u0131n teslimini talep etmi\u015f oldu\u011fu \u2026. adresinde \u2026.\u2019a teslim edilecektir.<\/p>\n<p><strong>MADDE 5 \u2013 TESL\u0130MAT MASRAFLARI VE \u0130FASI:<\/strong><\/p>\n<p>Teslimat masraflar\u0131 al\u0131c\u0131ya aittir. Sat\u0131c\u0131, web sitesinde, ilan etti\u011fi rakam\u0131n \u00fczerinde al\u0131\u015fveri\u015f yapanlar\u0131n teslimat \u00fccretinin kendisince kar\u015f\u0131lanaca\u011f\u0131n\u0131 yada kampanya dahilinde \u00fccretsiz teslimat yapaca\u011f\u0131n\u0131 beyan etmi\u015fse, teslimat masraf\u0131 sat\u0131c\u0131ya aittir. Teslimat; stokun m\u00fcsait olmas\u0131 ve mal bedelinin sat\u0131c\u0131n\u0131n hesab\u0131na ge\u00e7mesinden sonra en k\u0131sa s\u00fcrede yap\u0131l\u0131r. Sat\u0131c\u0131, mal\/hizmetin sipari\u015finden itibaren 30 (Otuz) g\u00fcn i\u00e7inde teslim eder ve bu s\u00fcre i\u00e7inde yaz\u0131l\u0131 bildirimle ek 10 (on) g\u00fcnl\u00fck s\u00fcre uzat\u0131m hakk\u0131n\u0131 sakl\u0131 tutar. Herhangi bir nedenle mal\/hizmet bedeli \u00f6denmez veya banka kay\u0131tlar\u0131nda iptal edilir ise, sat\u0131c\u0131 mal\/hizmetin teslimi y\u00fck\u00fcml\u00fcl\u00fc\u011f\u00fcnden kurtulmu\u015f kabul edilir.<\/p>\n<p><strong>MADDE 6 \u2013 ALICININ BEYAN VE TAAHH\u00dcTLERI:<\/strong><\/p>\n<p>Al\u0131c\u0131, s\u00f6zle\u015fme konusu mal\/hizmeti teslim almadan \u00f6nce muayene edecek; ezik, k\u0131r\u0131k, ambalaj\u0131 y\u0131rt\u0131lm\u0131\u015f vb. hasarl\u0131 ve ay\u0131pl\u0131 mal\/hizmeti kargo \u015firketinden teslim almayacakt\u0131r. Teslim al\u0131nan mal\/hizmetin hasars\u0131z ve sa\u011flam oldu\u011fu kabul edilecektir. Teslimden sonra mal\/hizmetin \u00f6zenle korunmas\u0131 borcu, al\u0131c\u0131ya aittir. Cayma hakk\u0131 kullan\u0131lacaksa mal\/hizmet kullan\u0131lmamal\u0131d\u0131r. Fatura iade edilmelidir. Mal\/hizmetin tesliminden sonra al\u0131c\u0131ya ait kredi kart\u0131n\u0131n al\u0131c\u0131n\u0131n kusurundan kaynaklanmayan bir \u015fekilde yetkisiz ki\u015filerce haks\u0131z veya hukuka ayk\u0131r\u0131 olarak kullan\u0131lmas\u0131 nedeni ile ilgili banka veya finans kurulu\u015funun mal\/hizmet bedelini sat\u0131c\u0131ya \u00f6dememesi halinde, Al\u0131c\u0131 kendisine teslim edilmi\u015f olmas\u0131 kayd\u0131yla mal\/hizmeti 3 (\u00dc\u00e7) g\u00fcn i\u00e7inde sat\u0131c\u0131ya g\u00f6ndermekle y\u00fck\u00fcml\u00fcd\u00fcr. Bu takdirde teslimat giderleri al\u0131c\u0131ya aittir.<\/p>\n<p><strong>MADDE 7 \u2013 SATICININ BEYAN VE TAAHH\u00dcTLERI:<\/strong><\/p>\n<p>Sat\u0131c\u0131, s\u00f6zle\u015fme konusu mal\/hizmetin sa\u011flam, eksiksiz, sipari\u015fte belirtilen niteliklere uygun ve varsa garanti belgeleri ve kullan\u0131m k\u0131lavuzlar\u0131 ile teslim edilmesinden sorumludur. S\u00f6zle\u015fme konusu mal\/hizmet, al\u0131c\u0131dan ba\u015fka bir ki\u015fi\/kurulu\u015fa teslim edilecek ise, teslim edilecek ki\u015fi\/kurulu\u015fun teslimat\u0131 kabul etmemesinden sat\u0131c\u0131 sorumlu tutulamaz. Sat\u0131c\u0131, cayma beyan\u0131n\u0131n kendisine ula\u015fmas\u0131ndan sonra 10 (on) g\u00fcn i\u00e7inde mal\/hizmet bedelini, varsa k\u0131ymetli evrak\u0131 iade eder. Mal\/hizmeti 14(yirmi) g\u00fcn i\u00e7inde iade alir. Hakl\u0131 gerek\u00e7elerle sat\u0131c\u0131, s\u00f6zle\u015fmedeki ifa s\u00fcresi dolmadan al\u0131c\u0131ya e\u015fit kalite ve fiyatta tedarik edebilir. Sat\u0131c\u0131 mal\/hizmetin ifas\u0131n\u0131n imk\u00e2ns\u0131zla\u015ft\u0131\u011f\u0131n\u0131 d\u00fc\u015f\u00fcn\u00fcyorsa, s\u00f6zle\u015fmenin ifa s\u00fcresi dolmadan al\u0131c\u0131ya bildirir. \u00d6denen bedel ve varsa belgeler 10 (on) g\u00fcn i\u00e7inde iade edilir. Garanti belgesi ile sat\u0131lan mal\/hizmetlerden olan veya olmayan mal\/hizmetlerden ar\u0131zal\u0131 veya bozuk olan mal\/hizmetler, garanti \u015fartlar\u0131 i\u00e7inde gerekli onar\u0131m\u0131n yap\u0131lmas\u0131 i\u00e7in sat\u0131c\u0131ya g\u00f6nderilebilir, bu takdirde teslimat giderleri sat\u0131c\u0131 taraf\u0131ndan kar\u015f\u0131lanacakt\u0131r.<\/p>\n<p><strong>MADDE 8 \u2013 S\u00d6ZLE\u015eMEYE KONU MAL\/H\u0130ZMET\u0130N \u00d6ZELL\u0130KLER\u0130:<\/strong><\/p>\n<p>Mal\/hizmetin cinsi ve t\u00fcr\u00fc, miktar\u0131, marka\/modeli, rengi ve t\u00fcm cergiler d\u00e2hil sat\u0131\u015f bedeli www.wenhomm.com adl\u0131 web sitesindeki mal\/hizmet tan\u0131t\u0131m sayfas\u0131nda yer alan bilgilerde ve i\u015f bu s\u00f6zle\u015fmenin ayr\u0131lmaz par\u00e7as\u0131 say\u0131lan faturada belirtildi\u011fi gibidir.<\/p>\n<p><strong>MADDE 9 \u2013 MAL\/H\u0130ZMET\u0130N PE\u015e\u0130N F\u0130YAT\u0130:<\/strong><\/p>\n<p>Mal\/hizmetin pe\u015fin fiyat\u0131 sipari\u015f sonu mail at\u0131lan \u00f6rnek fatura ve \u00fcr\u00fcn ile birlikte m\u00fc\u015fteriye g\u00f6nderilen fatura i\u00e7eri\u011finde mevcuttur.<\/p>\n<p><strong>MADDE 10 \u2013 VADEL\u0130 F\u0130YAT:<\/strong><\/p>\n<p>Mal\/hizmetin sat\u0131\u015f fiyat\u0131na yap\u0131lan vadeye g\u00f6re fiyat\u0131 sipari\u015f sonu mail at\u0131lan \u00f6rnek fatura ve \u00fcr\u00fcn ile birlikte m\u00fc\u015fteriye g\u00f6nderilen fatura i\u00e7eri\u011finde mevcuttur.<\/p>\n<p><strong>MADDE 11 \u2013 FA\u0130Z:<\/strong><\/p>\n<p>Her y\u0131l T\u00fcrkiye Cumhuriyeti H\u00fck\u00fcmetinin belirledi\u011fi faiz oran\u0131ndan ve her halde %30\u2019dan fazla olamaz. Al\u0131c\u0131 \u00e7al\u0131\u015ft\u0131\u011f\u0131 bankaya kar\u015f\u0131 sorumludur.<\/p>\n<p><strong>MADDE 12 \u2013 PE\u015e\u0130NAT TUTARI:<\/strong><\/p>\n<p>Mal\/hizmetin pe\u015finat tutar\u0131 sipari\u015f sonu mail at\u0131lan \u00f6rnek fatura ve \u00fcr\u00fcn ile birlikte m\u00fc\u015fteriye g\u00f6nderilen fatura i\u00e7eri\u011finde mevcuttur.<\/p>\n<p><strong>MADDE 13 \u2013 \u00d6DEME PLANI:<\/strong><\/p>\n<p>Al\u0131c\u0131n\u0131n, kredi kart\u0131 ile ve taksitle al\u0131\u015fveri\u015f yapmas\u0131 durumunda siteden se\u00e7mi\u015f oldu\u011fu taksit bi\u00e7imi ge\u00e7erlidir. Taksitlendirme i\u015flemlerinde, al\u0131c\u0131 ile kart sahibi banka aras\u0131nda imzalam\u0131\u015f bulunan s\u00f6zle\u015fmenin ilgili h\u00fck\u00fcmleri ge\u00e7erlidir. Kredi kart\u0131 \u00f6deme tarihi banka ile al\u0131c\u0131 aras\u0131ndaki s\u00f6zle\u015fme h\u00fck\u00fcmlerince belirlenir. Al\u0131c\u0131, ayr\u0131ca bankan\u0131n g\u00f6nderdi\u011fi hesap \u00f6zetinden taksit say\u0131s\u0131n\u0131 ve \u00f6demelerini takip edebilir.<\/p>\n<p><strong>MADDE 14 \u2013 CAYMA HAKKI:<\/strong><\/p>\n<p>Al\u0131c\u0131, s\u00f6zle\u015fme konusu mal\/hizmetin kendisine veya g\u00f6sterdi\u011fi adresteki ki\u015fi\/kurulu\u015fa tesliminden itibaren 7 (yedi) g\u00fcn i\u00e7inde cayma hakk\u0131n\u0131 kullanabilir. (\u00d6zel sipari\u015fler bu kapsam\u0131n d\u0131\u015f\u0131ndad\u0131r) Cayma hakk\u0131n\u0131n kullan\u0131lmas\u0131 i\u00e7in ayn\u0131 s\u00fcre i\u00e7inde sat\u0131c\u0131n\u0131n m\u00fc\u015fteri hizmetlerine e-posta veya telefon ile bildirimde bulunulmas\u0131 ve mal\/hizmetin 15. madde h\u00fck\u00fcmleri \u00e7er\u00e7evesinde ve i\u015f bu s\u00f6zle\u015fmenin ayr\u0131lmaz par\u00e7as\u0131 olan ve www.wenhomm.com web sitesinde yay\u0131nlanm\u0131\u015f olan \u00f6nbilgiler gere\u011fince, kullan\u0131lmam\u0131\u015f olmas\u0131 \u015fartt\u0131r. Bu hakk\u0131n kullan\u0131lmas\u0131 halinde, 3. ki\u015fiye veya al\u0131c\u0131ya teslim edilen mal\/hizmete ili\u015fkin fatura asl\u0131n\u0131n iadesi zorunludur. Cayma hakk\u0131na ili\u015fkin \u00fcr\u00fcn\u00fcn sat\u0131c\u0131ya ula\u015fmas\u0131n\u0131 takip eden 20 g\u00fcn i\u00e7inde mal\/hizmet bedeli al\u0131c\u0131ya iade edilir. Fatura asl\u0131 g\u00f6nderilmezse al\u0131c\u0131ya KDV ve varsa di\u011fer yasal y\u00fck\u00fcml\u00fcl\u00fckler iade edilemez. Cayma hakk\u0131 nedeni ile iade edilen mal\/hizmetin teslimat bedeli sat\u0131c\u0131 taraf\u0131ndan kar\u015f\u0131lan\u0131r.<\/p>\n<p><strong>MADDE 15 \u2013 CAYMA HAKKI KULLANILAMAYACAK MAL\/H\u0130ZMETLER:<\/strong><\/p>\n<p>Niteli\u011fi itibar\u0131yla iade edilemeyecek mal\/hizmetler, \u00f6zel sipari\u015fler, ambalaj\u0131 bozulmu\u015f \u00fcr\u00fcnler, h\u0131zla bozulan ve son kullanma tarihi ge\u00e7en mal\/hizmetler, tek kullan\u0131ml\u0131k mal\/hizmetler, hijyenik mal\/hizmetler, kopyalanabilir her t\u00fcrl\u00fc yaz\u0131l\u0131m ve programlard\u0131r. Ayr\u0131ca, her t\u00fcrl\u00fc yaz\u0131l\u0131m ve programlar\u0131nda, \u00c7e\u015fitli medialar\u0131n (Dvd,Cd v.b), bilgisayar ve k\u0131rtasiye sarf malzemelerinde (toner, kartu\u015f, \u015ferit v.b) ile kozmetik malzemelerinde cayma hakk\u0131n\u0131n kullan\u0131labilmesi i\u00e7in mal\/hizmetin ambalaj\u0131n\u0131n a\u00e7\u0131lmam\u0131\u015f, bozulmam\u0131\u015f ve kullan\u0131lmam\u0131\u015f olmalar\u0131 \u015fart\u0131 bulunmaktad\u0131r.<\/p>\n<p><strong>MADDE 16 \u2013 TEMERR\u00dcD HAL\u0130 VE HUKUK\u0130 SONU\u00c7LARI:<\/strong><\/p>\n<p>Al\u0131c\u0131, kredi kart\u0131 ile yapm\u0131\u015f oldu\u011fu i\u015flemlerinde temerr\u00fcde d\u00fc\u015fmesi halinde kart sahibi bankan\u0131n kendisi ile yapm\u0131\u015f oldu\u011fu kredi kart\u0131 s\u00f6zle\u015fmesi \u00e7er\u00e7evesinde faiz \u00f6deyecek ve bankaya kar\u015f\u0131 sorumlu olacakt\u0131r. Bu durumda ilgili banka hukuki yollara ba\u015fvurabilir; do\u011facak masraflar\u0131 ve vekalet \u00fccretini al\u0131c\u0131dan talep edebilir ve her ko\u015fulda al\u0131c\u0131n\u0131n borcundan dolay\u0131 temerr\u00fcde d\u00fc\u015fmesi halinde, al\u0131c\u0131, borcun gecikmeli ifas\u0131ndan dolay\u0131 sat\u0131c\u0131n\u0131n olu\u015fan zarar ve ziyan\u0131n\u0131 \u00f6demeyi kabul eder.<\/p>\n<p><strong>MADDE 17 \u2013 YETK\u0130L\u0130 MAHKEME:<\/strong><\/p>\n<p>\u0130\u015f bu s\u00f6zle\u015fmeden kaynaklanabilecek ihtilaflarda, Sanayi ve Ticaret Bakanl\u0131\u011f\u0131nca ilan edilen de\u011fere kadar T\u00fcketici Hakem Heyetleri, belirtilen de\u011fer \u00fcst\u00fcne T\u00fcketici Mahkemeleri; bulunamayan yerlerde Asliye Hukuk Mahkemeleri yetkilidir.<\/p>\t\t\t\t\t\t\t\t<\/div>\n\t\t\t\t<\/div>\n\t\t\t\t\t<\/div>\n\t\t<\/div>\n\t\t\t\t\t<\/div>\n\t\t<\/section>\n\t\t\t\t<\/div>\n\t\t","protected":false},"excerpt":{"rendered":"<p>MESAFEL\u0130 SATI\u015e S\u00d6ZLE\u015eMES\u0130 MADDE 1 \u2013 S\u00d6ZLE\u015eMEN\u0130N TARAFLARI SATICI : ORTABAYIR MAH.\u00c7AKMAK CADDES\u0130 A\u011eA\u00c7ALTI SOK NO:2\/A KA\u011eITHANE\/\u0130STANBUL Tel.: 507 023 00 38 &nbsp;Email: info@wenhomm.com ALICI: M\u00fc\u015fteri MADDE 2 \u2013 S\u00d6ZLE\u015eMEN\u0130N KONUSU: \u0130\u015f bu s\u00f6zle\u015fmenin konusu, Al\u0131c\u0131n\u0131n Sat\u0131c\u0131ya ait web sitesinden elektronik ortamda sipari\u015f verdi\u011fi, s\u00f6zle\u015fmede bahsi ge\u00e7en nitelikleri haiz ve yine s\u00f6zle\u015fmede sat\u0131\u015f fiyat\u0131 belirtilen&#8230;<\/p>\n","protected":false},"author":1,"featured_media":0,"parent":0,"menu_order":0,"comment_status":"closed","ping_status":"closed","template":"","meta":{"_kad_post_transparent":"","_kad_post_title":"hide","_kad_post_layout":"fullwidth","_kad_post_sidebar_id":"","_kad_post_content_style":"unboxed","_kad_post_vertical_padding":"hide","_kad_post_feature":"hide","_kad_post_feature_position":"","_kad_post_header":false,"_kad_post_footer":false,"footnotes":""},"class_list":["post-1843","page","type-page","status-publish","hentry"],"yoast_head":"<!-- This site is optimized with the Yoast SEO plugin v27.4 - https:\/\/yoast.com\/product\/yoast-seo-wordpress\/ -->\n<title>MESAFEL\u0130 SATI\u015e S\u00d6ZLE\u015eMES\u0130 -<\/title>\n<meta name=\"robots\" content=\"index, follow, max-snippet:-1, max-image-preview:large, max-video-preview:-1\" \/>\n<link rel=\"canonical\" href=\"https:\/\/wenhomm.com\/?page_id=1843\" \/>\n<meta property=\"og:locale\" content=\"tr_TR\" \/>\n<meta property=\"og:type\" content=\"article\" \/>\n<meta property=\"og:title\" content=\"MESAFEL\u0130 SATI\u015e S\u00d6ZLE\u015eMES\u0130 -\" \/>\n<meta property=\"og:description\" content=\"MESAFEL\u0130 SATI\u015e S\u00d6ZLE\u015eMES\u0130 MADDE 1 \u2013 S\u00d6ZLE\u015eMEN\u0130N TARAFLARI SATICI : ORTABAYIR MAH.\u00c7AKMAK CADDES\u0130 A\u011eA\u00c7ALTI SOK NO:2\/A KA\u011eITHANE\/\u0130STANBUL Tel.: 507 023 00 38 &nbsp;Email: info@wenhomm.com ALICI: M\u00fc\u015fteri MADDE 2 \u2013 S\u00d6ZLE\u015eMEN\u0130N KONUSU: \u0130\u015f bu s\u00f6zle\u015fmenin konusu, Al\u0131c\u0131n\u0131n Sat\u0131c\u0131ya ait web sitesinden elektronik ortamda sipari\u015f verdi\u011fi, s\u00f6zle\u015fmede bahsi ge\u00e7en nitelikleri haiz ve yine s\u00f6zle\u015fmede sat\u0131\u015f fiyat\u0131 belirtilen...\" \/>\n<meta property=\"og:url\" content=\"https:\/\/wenhomm.com\/?page_id=1843\" \/>\n<meta property=\"article:publisher\" content=\"https:\/\/www.facebook.com\/p\/Wenhomm-100089241637346\/\" \/>\n<meta property=\"article:modified_time\" content=\"2024-08-26T11:25:22+00:00\" \/>\n<meta property=\"og:image\" content=\"https:\/\/wenhomm.com\/wp-content\/uploads\/2023\/01\/d026036df670a733149cb79b71358b19-1-e1724760238113.jpg\" \/>\n\t<meta property=\"og:image:width\" content=\"400\" \/>\n\t<meta property=\"og:image:height\" content=\"399\" \/>\n\t<meta property=\"og:image:type\" content=\"image\/jpeg\" \/>\n<meta name=\"twitter:card\" content=\"summary_large_image\" \/>\n<meta name=\"twitter:label1\" content=\"Tahmini okuma s\u00fcresi\" \/>\n\t<meta name=\"twitter:data1\" content=\"8 dakika\" \/>\n<script type=\"application\/ld+json\" class=\"yoast-schema-graph\">{\"@context\":\"https:\\\/\\\/schema.org\",\"@graph\":[{\"@type\":\"WebPage\",\"@id\":\"https:\\\/\\\/wenhomm.com\\\/?page_id=1843\",\"url\":\"https:\\\/\\\/wenhomm.com\\\/?page_id=1843\",\"name\":\"MESAFEL\u0130 SATI\u015e S\u00d6ZLE\u015eMES\u0130 -\",\"isPartOf\":{\"@id\":\"https:\\\/\\\/wenhomm.com\\\/#website\"},\"datePublished\":\"2024-08-26T11:17:29+00:00\",\"dateModified\":\"2024-08-26T11:25:22+00:00\",\"breadcrumb\":{\"@id\":\"https:\\\/\\\/wenhomm.com\\\/?page_id=1843#breadcrumb\"},\"inLanguage\":\"tr\",\"potentialAction\":[{\"@type\":\"ReadAction\",\"target\":[\"https:\\\/\\\/wenhomm.com\\\/?page_id=1843\"]}]},{\"@type\":\"BreadcrumbList\",\"@id\":\"https:\\\/\\\/wenhomm.com\\\/?page_id=1843#breadcrumb\",\"itemListElement\":[{\"@type\":\"ListItem\",\"position\":1,\"name\":\"Anasayfa\",\"item\":\"https:\\\/\\\/wenhomm.com\\\/\"},{\"@type\":\"ListItem\",\"position\":2,\"name\":\"MESAFEL\u0130 SATI\u015e S\u00d6ZLE\u015eMES\u0130\"}]},{\"@type\":\"WebSite\",\"@id\":\"https:\\\/\\\/wenhomm.com\\\/#website\",\"url\":\"https:\\\/\\\/wenhomm.com\\\/\",\"name\":\"wenhomm\",\"description\":\"ahsap masif \u00fcr\u00fcnler\",\"publisher\":{\"@id\":\"https:\\\/\\\/wenhomm.com\\\/#organization\"},\"potentialAction\":[{\"@type\":\"SearchAction\",\"target\":{\"@type\":\"EntryPoint\",\"urlTemplate\":\"https:\\\/\\\/wenhomm.com\\\/?s={search_term_string}\"},\"query-input\":{\"@type\":\"PropertyValueSpecification\",\"valueRequired\":true,\"valueName\":\"search_term_string\"}}],\"inLanguage\":\"tr\"},{\"@type\":\"Organization\",\"@id\":\"https:\\\/\\\/wenhomm.com\\\/#organization\",\"name\":\"wenhomm\",\"url\":\"https:\\\/\\\/wenhomm.com\\\/\",\"logo\":{\"@type\":\"ImageObject\",\"inLanguage\":\"tr\",\"@id\":\"https:\\\/\\\/wenhomm.com\\\/#\\\/schema\\\/logo\\\/image\\\/\",\"url\":\"https:\\\/\\\/wenhomm.com\\\/wp-content\\\/uploads\\\/2024\\\/08\\\/cropped-cropped-cropped-Ekran-goruntusu_24-8-2024_162756_.jpeg\",\"contentUrl\":\"https:\\\/\\\/wenhomm.com\\\/wp-content\\\/uploads\\\/2024\\\/08\\\/cropped-cropped-cropped-Ekran-goruntusu_24-8-2024_162756_.jpeg\",\"width\":200,\"height\":75,\"caption\":\"wenhomm\"},\"image\":{\"@id\":\"https:\\\/\\\/wenhomm.com\\\/#\\\/schema\\\/logo\\\/image\\\/\"},\"sameAs\":[\"https:\\\/\\\/www.facebook.com\\\/p\\\/Wenhomm-100089241637346\\\/\",\"https:\\\/\\\/www.instagram.com\\\/wenhomm\\\/\"]}]}<\/script>\n<!-- \/ Yoast SEO plugin. -->","yoast_head_json":{"title":"MESAFEL\u0130 SATI\u015e S\u00d6ZLE\u015eMES\u0130 -","robots":{"index":"index","follow":"follow","max-snippet":"max-snippet:-1","max-image-preview":"max-image-preview:large","max-video-preview":"max-video-preview:-1"},"canonical":"https:\/\/wenhomm.com\/?page_id=1843","og_locale":"tr_TR","og_type":"article","og_title":"MESAFEL\u0130 SATI\u015e S\u00d6ZLE\u015eMES\u0130 -","og_description":"MESAFEL\u0130 SATI\u015e S\u00d6ZLE\u015eMES\u0130 MADDE 1 \u2013 S\u00d6ZLE\u015eMEN\u0130N TARAFLARI SATICI : ORTABAYIR MAH.\u00c7AKMAK CADDES\u0130 A\u011eA\u00c7ALTI SOK NO:2\/A KA\u011eITHANE\/\u0130STANBUL Tel.: 507 023 00 38 &nbsp;Email: info@wenhomm.com ALICI: M\u00fc\u015fteri MADDE 2 \u2013 S\u00d6ZLE\u015eMEN\u0130N KONUSU: \u0130\u015f bu s\u00f6zle\u015fmenin konusu, Al\u0131c\u0131n\u0131n Sat\u0131c\u0131ya ait web sitesinden elektronik ortamda sipari\u015f verdi\u011fi, s\u00f6zle\u015fmede bahsi ge\u00e7en nitelikleri haiz ve yine s\u00f6zle\u015fmede sat\u0131\u015f fiyat\u0131 belirtilen...","og_url":"https:\/\/wenhomm.com\/?page_id=1843","article_publisher":"https:\/\/www.facebook.com\/p\/Wenhomm-100089241637346\/","article_modified_time":"2024-08-26T11:25:22+00:00","og_image":[{"width":400,"height":399,"url":"https:\/\/wenhomm.com\/wp-content\/uploads\/2023\/01\/d026036df670a733149cb79b71358b19-1-e1724760238113.jpg","type":"image\/jpeg"}],"twitter_card":"summary_large_image","twitter_misc":{"Tahmini okuma s\u00fcresi":"8 dakika"},"schema":{"@context":"https:\/\/schema.org","@graph":[{"@type":"WebPage","@id":"https:\/\/wenhomm.com\/?page_id=1843","url":"https:\/\/wenhomm.com\/?page_id=1843","name":"MESAFEL\u0130 SATI\u015e S\u00d6ZLE\u015eMES\u0130 -","isPartOf":{"@id":"https:\/\/wenhomm.com\/#website"},"datePublished":"2024-08-26T11:17:29+00:00","dateModified":"2024-08-26T11:25:22+00:00","breadcrumb":{"@id":"https:\/\/wenhomm.com\/?page_id=1843#breadcrumb"},"inLanguage":"tr","potentialAction":[{"@type":"ReadAction","target":["https:\/\/wenhomm.com\/?page_id=1843"]}]},{"@type":"BreadcrumbList","@id":"https:\/\/wenhomm.com\/?page_id=1843#breadcrumb","itemListElement":[{"@type":"ListItem","position":1,"name":"Anasayfa","item":"https:\/\/wenhomm.com\/"},{"@type":"ListItem","position":2,"name":"MESAFEL\u0130 SATI\u015e S\u00d6ZLE\u015eMES\u0130"}]},{"@type":"WebSite","@id":"https:\/\/wenhomm.com\/#website","url":"https:\/\/wenhomm.com\/","name":"wenhomm","description":"ahsap masif \u00fcr\u00fcnler","publisher":{"@id":"https:\/\/wenhomm.com\/#organization"},"potentialAction":[{"@type":"SearchAction","target":{"@type":"EntryPoint","urlTemplate":"https:\/\/wenhomm.com\/?s={search_term_string}"},"query-input":{"@type":"PropertyValueSpecification","valueRequired":true,"valueName":"search_term_string"}}],"inLanguage":"tr"},{"@type":"Organization","@id":"https:\/\/wenhomm.com\/#organization","name":"wenhomm","url":"https:\/\/wenhomm.com\/","logo":{"@type":"ImageObject","inLanguage":"tr","@id":"https:\/\/wenhomm.com\/#\/schema\/logo\/image\/","url":"https:\/\/wenhomm.com\/wp-content\/uploads\/2024\/08\/cropped-cropped-cropped-Ekran-goruntusu_24-8-2024_162756_.jpeg","contentUrl":"https:\/\/wenhomm.com\/wp-content\/uploads\/2024\/08\/cropped-cropped-cropped-Ekran-goruntusu_24-8-2024_162756_.jpeg","width":200,"height":75,"caption":"wenhomm"},"image":{"@id":"https:\/\/wenhomm.com\/#\/schema\/logo\/image\/"},"sameAs":["https:\/\/www.facebook.com\/p\/Wenhomm-100089241637346\/","https:\/\/www.instagram.com\/wenhomm\/"]}]}},"jetpack_sharing_enabled":true,"_links":{"self":[{"href":"https:\/\/wenhomm.com\/index.php?rest_route=\/wp\/v2\/pages\/1843","targetHints":{"allow":["GET"]}}],"collection":[{"href":"https:\/\/wenhomm.com\/index.php?rest_route=\/wp\/v2\/pages"}],"about":[{"href":"https:\/\/wenhomm.com\/index.php?rest_route=\/wp\/v2\/types\/page"}],"author":[{"embeddable":true,"href":"https:\/\/wenhomm.com\/index.php?rest_route=\/wp\/v2\/users\/1"}],"replies":[{"embeddable":true,"href":"https:\/\/wenhomm.com\/index.php?rest_route=%2Fwp%2Fv2%2Fcomments&post=1843"}],"version-history":[{"count":8,"href":"https:\/\/wenhomm.com\/index.php?rest_route=\/wp\/v2\/pages\/1843\/revisions"}],"predecessor-version":[{"id":1852,"href":"https:\/\/wenhomm.com\/index.php?rest_route=\/wp\/v2\/pages\/1843\/revisions\/1852"}],"wp:attachment":[{"href":"https:\/\/wenhomm.com\/index.php?rest_route=%2Fwp%2Fv2%2Fmedia&parent=1843"}],"curies":[{"name":"wp","href":"https:\/\/api.w.org\/{rel}","templated":true}]}}