{"id":1853,"date":"2024-08-26T14:44:25","date_gmt":"2024-08-26T11:44:25","guid":{"rendered":"https:\/\/wenhomm.com\/?page_id=1853"},"modified":"2024-08-26T15:08:10","modified_gmt":"2024-08-26T12:08:10","slug":"elementor-1853","status":"publish","type":"page","link":"https:\/\/wenhomm.com\/?page_id=1853","title":{"rendered":"Gizlilik ve G\u00fcvenlik Politikas\u0131"},"content":{"rendered":"\t\t<div data-elementor-type=\"wp-page\" data-elementor-id=\"1853\" class=\"elementor elementor-1853\">\n\t\t\t\t\t\t<section class=\"elementor-section elementor-top-section elementor-element elementor-element-c500784 elementor-section-boxed elementor-section-height-default elementor-section-height-default\" data-id=\"c500784\" data-element_type=\"section\" data-e-type=\"section\">\n\t\t\t\t\t\t<div class=\"elementor-container elementor-column-gap-default\">\n\t\t\t\t\t<div class=\"elementor-column elementor-col-100 elementor-top-column elementor-element elementor-element-cdd154f\" data-id=\"cdd154f\" data-element_type=\"column\" data-e-type=\"column\">\n\t\t\t<div class=\"elementor-widget-wrap elementor-element-populated\">\n\t\t\t\t\t\t<div class=\"elementor-element elementor-element-bc95734 elementor-widget elementor-widget-heading\" data-id=\"bc95734\" data-element_type=\"widget\" data-e-type=\"widget\" data-widget_type=\"heading.default\">\n\t\t\t\t<div class=\"elementor-widget-container\">\n\t\t\t\t\t<h2 class=\"elementor-heading-title elementor-size-default\">Gizlilik ve G\u00fcvenlik Politikas\u0131<\/h2>\t\t\t\t<\/div>\n\t\t\t\t<\/div>\n\t\t\t\t\t<\/div>\n\t\t<\/div>\n\t\t\t\t\t<\/div>\n\t\t<\/section>\n\t\t\t\t<section class=\"elementor-section elementor-top-section elementor-element elementor-element-a5c496a elementor-section-boxed elementor-section-height-default elementor-section-height-default\" data-id=\"a5c496a\" data-element_type=\"section\" data-e-type=\"section\">\n\t\t\t\t\t\t<div class=\"elementor-container elementor-column-gap-default\">\n\t\t\t\t\t<div class=\"elementor-column elementor-col-100 elementor-top-column elementor-element elementor-element-c085a3b\" data-id=\"c085a3b\" data-element_type=\"column\" data-e-type=\"column\">\n\t\t\t<div class=\"elementor-widget-wrap elementor-element-populated\">\n\t\t\t\t\t\t<div class=\"elementor-element elementor-element-04d0a74 elementor-widget elementor-widget-text-editor\" data-id=\"04d0a74\" data-element_type=\"widget\" data-e-type=\"widget\" data-widget_type=\"text-editor.default\">\n\t\t\t\t<div class=\"elementor-widget-container\">\n\t\t\t\t\t\t\t\t\t<p><span style=\"font-weight: 400;\">wenhomm.com web sitesine eri\u015fmekle ve kullanmakla, a\u015fa\u011f\u0131daki ilkeyi hi\u00e7bir s\u0131n\u0131rlama veya ko\u015ful olmaks\u0131z\u0131n kabul etmi\u015f say\u0131l\u0131rs\u0131n\u0131z. Bundan dolay\u0131 wenhomm.com web sitesine eri\u015fiminiz bu ilkeye ve ilgili yasalara tabidir. \u0130\u00e7erikte wenhomm.com web sitesinde wenhomm mobilya stoklar\u0131nda bulunan \u00fcr\u00fcnleri ve kampanyalar\u0131yla ilgili bilgiler bulunmaktad\u0131r. wenhomm.com, bu sitedeki t\u00fcm bilgilerin do\u011fru olmas\u0131 i\u00e7in gerekli t\u00fcm gayreti g\u00f6stermektedir; ancak t\u00fcm bilgilerin do\u011frulu\u011funu garanti etmez ve wenhomm.com bu sitede yer alan bilgilerin do\u011frulu\u011fu, eksiksizli\u011fi ve ger\u00e7ekli\u011fine ili\u015fkin bir sorumluluk kabul etmez. \u0130\u015fbu site ve i\u00e7indeki t\u00fcm bilgiler ve malzemeler a\u00e7\u0131k\u00e7a veya z\u0131mnen garanti verilmeden &#8220;oldu\u011fu gibi&#8221; sa\u011flanmaktad\u0131r.<\/span><\/p><p><b>Ki\u015fisel veriler \/ kullan\u0131c\u0131 girdileri<\/b><\/p><p><span style=\"font-weight: 400;\">wenhomm.com\u00a0 size daha iyi hizmet verebilmesi amac\u0131yla kullan\u0131lacakt\u0131r. Gizli tutulacak olan ki\u015fisel bilgileriniz wenhomm.com un sizinle olan ileti\u015fimini d\u00fczenlemek ve size \u00f6zel f\u0131rsatlar geli\u015ftirmek d\u0131\u015f\u0131ndaki ama\u00e7lar i\u00e7in kullan\u0131lmayacak ve payla\u015f\u0131lmayacakt\u0131r. wenhomm.com ki\u015fisel bilgilerin g\u00fcvenli toplanmas\u0131, aktar\u0131m\u0131 ve saklanmas\u0131 i\u00e7in gerekli t\u00fcm gayreti g\u00f6stermektedir. wenhomm.com ki\u015fisel verilerinizi hi\u00e7bir \u00fc\u00e7\u00fcnc\u00fc \u015fahsa aktarmaz. wenhomm.com\u2019 un kullan\u0131c\u0131lar taraf\u0131ndan siteye yerle\u015ftirilen girdileri izlemek ve\/veya incelemekle ilgili bir y\u00fck\u00fcml\u00fcl\u00fc\u011f\u00fc yoktur ve bu t\u00fcr kullan\u0131c\u0131 girdilerine ili\u015fkin hi\u00e7bir sorumlulu\u011fu yoktur, ancak wenhomm.com bu t\u00fcr kullan\u0131c\u0131 girdilerini denetleme ve mazeret g\u00f6stermeden siteden kald\u0131rma hakk\u0131n\u0131 sakl\u0131 tutar. wenhomm.com \u2019 un ticaret anlay\u0131\u015f\u0131 ve m\u00fc\u015fteri odakl\u0131 hizmet felsefesi ile online al\u0131\u015fveri\u015f i\u015flemleri gere\u011fi, m\u00fc\u015fterilerden ald\u0131\u011f\u0131 ki\u015fisel bilgilerin (aile isim, adres, e-mail, telefon, al\u0131\u015fveri\u015f sepeti gibi bilgileri) gizlili\u011fi konusunda, m\u00fc\u015fterilerimizin bilgi veya onay\u0131 d\u0131\u015f\u0131nda ya da yasal y\u00fck\u00fcml\u00fcl\u00fck alt\u0131nda bulunulmad\u0131\u011f\u0131 s\u00fcrece herhangi bir \u015fah\u0131s, kurum ve kurulu\u015f ile s\u00f6z konusu bilgilerin payla\u015f\u0131lmayaca\u011f\u0131n\u0131 taahh\u00fct eder.<\/span><\/p><p><span style=\"font-weight: 400;\">Sitemizi sadece gezmek istiyorsan\u0131z herhangi bir ki\u015fisel bilginizi bizimle payla\u015fmak zorunda de\u011filsiniz. Online g\u00fcvenli al\u0131\u015fveri\u015f hizmetlerinden yararlanmak istedi\u011finiz zaman al\u0131\u015fveri\u015f formunda istenen baz\u0131 ki\u015fisel bilgilerinizi bizimle payla\u015fman\u0131z gerekmektedir. wenhomm.com vermi\u015f oldu\u011funuz t\u00fcm ki\u015fisel bilgilerinizi gizli tutar. \u00dcr\u00fcn sat\u0131n al\u0131nmas\u0131 i\u00e7eren al\u0131\u015fveri\u015flerde \u00fcr\u00fcn\u00fc teslim edebilmek i\u00e7in ve baz\u0131 hizmetlerimizden sizi haberdar edebilmek i\u00e7in formda yer alan bilgilerin doldurulmas\u0131 zorunludur. Bu bilgiler ve online al\u0131\u015fveri\u015f s\u0131ras\u0131nda girdi\u011finiz teslimat ve fatura adresleri sistemimizde saklanmaktad\u0131r.<\/span><\/p><p><span style=\"font-weight: 400;\">wenhomm.com kullan\u0131c\u0131lardan derledi\u011fi ki\u015fisel ve hassas bilgileri kullan\u0131c\u0131 onay\u0131 olmaks\u0131z\u0131n \u00fc\u00e7\u00fcnc\u00fc \u015fah\u0131slarla payla\u015fmamay\u0131 ve hi\u00e7bir surette k\u00f6t\u00fcye kullanmamay\u0131 taahh\u00fct eder.<\/span><\/p><p><span style=\"font-weight: 400;\">wenhomm.com da ki\u015fisel ve kredi kart\u0131 bilgilerinizin gizlilik ve g\u00fcvenli\u011fi SSL teknolojisi ile korunmaktad\u0131r. SSL g\u00fcvenlik sistemi, g\u00fcvenli al\u0131\u015fveri\u015f i\u00e7in geli\u015ftirilmi\u015f bir \u015fifreleme y\u00f6ntemidir. Kulland\u0131\u011f\u0131n\u0131z web taray\u0131c\u0131s\u0131 ile ba\u011fl\u0131 oldu\u011funuz sitenin web sunucusu aras\u0131nda g\u00fcvenli bilgi al\u0131\u015fveri\u015fini sa\u011flar. SSL kullan\u0131lan bir sitede dola\u015ft\u0131\u011f\u0131n\u0131z ve bilgi giri\u015fi yapt\u0131\u011f\u0131n\u0131z s\u00fcrece, yapt\u0131\u011f\u0131n\u0131z i\u015flemlerin \u00fc\u00e7\u00fcnc\u00fc \u015fah\u0131slar taraf\u0131ndan izlenme olas\u0131l\u0131\u011f\u0131 ortadan kalkar. SSL g\u00fcvenlik alan\u0131nda iken girdi\u011finiz bilgiler, kar\u015f\u0131 tarafa g\u00f6nderilmeden \u00f6nce \u00e7\u00f6z\u00fclmesi ve \u00fc\u00e7\u00fcnc\u00fc \u015fah\u0131slar taraf\u0131ndan okunmas\u0131 imkans\u0131z bir kodlama sistemiyle otomatik olarak \u015fifrelenir. Bu bilgi ancak kar\u015f\u0131 taraftaki web sunucu taraf\u0131ndan ve sadece do\u011fru adreste de\u015fifre edilmek \u00fczere \u00e7\u00f6z\u00fcl\u00fcr ve anlaml\u0131 bir bilgi haline getirilebilir. Her iki taraf da do\u011frulama yaparak i\u015flemin ve payla\u015f\u0131lan bilginin gizlili\u011fi korunur. Bu yetki uluslararas\u0131 g\u00fcvence alt\u0131ndad\u0131r.<\/span><\/p><p><span style=\"font-weight: 400;\">wenhomm.com &#8216; da bir \u00fcr\u00fcn sat\u0131n al\u0131rken hi\u00e7bir \u015fekilde kredi kart\u0131 ve di\u011fer \u00f6deme bilgileriniz kaydedilmez. Kullanmakta oldu\u011funuz kredi kart\u0131 bilgileriniz bankan\u0131z\u0131n g\u00fcvencesindedir, kredi kart\u0131 bilgileriniz ilgili banka veritaban\u0131 hari\u00e7 wenhomm.com veritaban\u0131nda saklanmaz, bilgilerinize eri\u015filemez. Bu sebeple her yeni al\u0131\u015fveri\u015f i\u00e7in kart ve \u00f6deme bilgilerinizi yeniden girmeniz gerekmektedir. Sipari\u015flerizle ilgili olarak e-posta, faks veya mektup ile g\u00f6nderece\u011finiz mesajlar\u0131n\u0131zda veya telefon g\u00f6r\u00fc\u015fmelerinizde kredi kart\u0131 numaran\u0131z ve bu karta ait \u015fifre\/g\u00fcvenlik kodu (CVV) gibi ki\u015fisel bilgileriniz sizden talep edilmez, l\u00fctfen siz de kendiniz belirtmeyiniz.<\/span><\/p><p><span style=\"font-weight: 400;\">wenhomm.com de sat\u0131n almak istedi\u011finiz \u00fcr\u00fcnlerin \u00f6deme i\u015flemlerini ba\u015flatt\u0131\u011f\u0131n\u0131z anda SSL g\u00fcvenlik alan\u0131na y\u00f6nlendirilirsiniz. Kulland\u0131\u011f\u0131n\u0131z internet taray\u0131c\u0131s\u0131 ile wenhomm.com web sunucusu aras\u0131nda g\u00fcvenlikli bilgi al\u0131\u015fveri\u015fi ba\u015flar. G\u00fcvenlikli alanda oldu\u011funuzu internet taray\u0131c\u0131n\u0131z\u0131n adres \u00e7ubu\u011funuzda sitenin ismini &#8220;\/\/www.wenhomm.com\u00a0 &#8221; yerine &#8220;https:\/\/www.wenhomm.com &#8221; olarak g\u00f6rd\u00fc\u011f\u00fcn\u00fczde anlayabilirsiniz. Ba\u011flant\u0131n\u0131z \u015fifreli konuma ge\u00e7ti\u011finde ad\u0131n\u0131z, kredi kart\u0131 numaran\u0131z gibi her t\u00fcrl\u00fc ki\u015fisel bilginizi g\u00fcvenli bir \u015fekilde yollayabilir ve herhangi birinin bu bilgileri internet \u00fczerinden okumas\u0131n\u0131 engellemi\u015f olursunuz.<\/span><\/p><p><span style=\"font-weight: 400;\">CVV kullan\u0131m\u0131 uluslararas\u0131 kredi kartlar\u0131 kurulu\u015flar\u0131 taraf\u0131ndan al\u0131\u015fveri\u015f g\u00fcvenli\u011fini artt\u0131rmak amac\u0131yla uygulamaya konmu\u015ftur. CVV numaras\u0131 normal yollarla yapt\u0131\u011f\u0131n\u0131z al\u0131\u015fveri\u015flerde hi\u00e7 bir zaman kredi kart\u0131 slibi \u00fczerine bas\u0131lmaz. \u00dc\u00e7\u00fcnc\u00fc \u015fah\u0131slar\u0131n elde etmesi zor olan CVV bilgisi, ele ge\u00e7irilme \u015fans\u0131 olduk\u00e7a d\u00fc\u015f\u00fck bir bilgi oldu\u011fundan, al\u0131\u015fveri\u015flerde g\u00fcvenlik kodu olarak kullan\u0131lmaktad\u0131r. wenhomm.com al\u0131\u015fveri\u015finizin g\u00fcvenli\u011fi a\u00e7\u0131s\u0131ndan CVV kodunu talep etmektedir.<\/span><\/p><p><span style=\"font-weight: 400;\">Bilgisayar donan\u0131m\u0131n\u0131z\u0131 etkileyen vir\u00fcs sald\u0131r\u0131lar\u0131ndan ve wenhomm.com web sitesinden edindi\u011finiz bilgilere istinaden kaynaklanan kay\u0131p ve hasarlar dahil olmak \u00fczere ancak bunlarla s\u0131n\u0131rl\u0131 olmamak kayd\u0131yla wenhomm.com web sitesine eri\u015fiminize ve kullan\u0131m\u0131n\u0131za ili\u015fkin olarak do\u011frudan, dolayl\u0131, ar\u0131zi, sonu\u00e7 olarak ortaya \u00e7\u0131kan ve \u00f6zel zararlardan wenhomm.com\u00a0 sorumlu de\u011fildir.<\/span><\/p><p><span style=\"font-weight: 400;\">wenhomm.com , i\u015f gereksinimlerine g\u00f6re bu ilkeleri istedi\u011fi zaman g\u00fcncelleme hakk\u0131n\u0131 sakl\u0131 tutar ve bundan dolay\u0131 siteyi her ziyaretinizde ilkeyi denetlemek i\u00e7in bu sayfay\u0131 ziyaret etmeniz gerekir.<\/span><\/p>\t\t\t\t\t\t\t\t<\/div>\n\t\t\t\t<\/div>\n\t\t\t\t\t<\/div>\n\t\t<\/div>\n\t\t\t\t\t<\/div>\n\t\t<\/section>\n\t\t\t\t<\/div>\n\t\t","protected":false},"excerpt":{"rendered":"<p>Gizlilik ve G\u00fcvenlik Politikas\u0131 wenhomm.com web sitesine eri\u015fmekle ve kullanmakla, a\u015fa\u011f\u0131daki ilkeyi hi\u00e7bir s\u0131n\u0131rlama veya ko\u015ful olmaks\u0131z\u0131n kabul etmi\u015f say\u0131l\u0131rs\u0131n\u0131z. Bundan dolay\u0131 wenhomm.com web sitesine eri\u015fiminiz bu ilkeye ve ilgili yasalara tabidir. \u0130\u00e7erikte wenhomm.com web sitesinde wenhomm mobilya stoklar\u0131nda bulunan \u00fcr\u00fcnleri ve kampanyalar\u0131yla ilgili bilgiler bulunmaktad\u0131r. wenhomm.com, bu sitedeki t\u00fcm bilgilerin do\u011fru olmas\u0131 i\u00e7in gerekli&#8230;<\/p>\n","protected":false},"author":1,"featured_media":0,"parent":0,"menu_order":0,"comment_status":"closed","ping_status":"closed","template":"","meta":{"_kad_post_transparent":"","_kad_post_title":"hide","_kad_post_layout":"fullwidth","_kad_post_sidebar_id":"","_kad_post_content_style":"unboxed","_kad_post_vertical_padding":"hide","_kad_post_feature":"hide","_kad_post_feature_position":"","_kad_post_header":false,"_kad_post_footer":false,"footnotes":""},"class_list":["post-1853","page","type-page","status-publish","hentry"],"yoast_head":"<!-- This site is optimized with the Yoast SEO plugin v27.4 - https:\/\/yoast.com\/product\/yoast-seo-wordpress\/ -->\n<title>Gizlilik ve G\u00fcvenlik Politikas\u0131 -<\/title>\n<meta name=\"robots\" content=\"index, follow, max-snippet:-1, max-image-preview:large, max-video-preview:-1\" \/>\n<link rel=\"canonical\" href=\"https:\/\/wenhomm.com\/?page_id=1853\" \/>\n<meta property=\"og:locale\" content=\"tr_TR\" \/>\n<meta property=\"og:type\" content=\"article\" \/>\n<meta property=\"og:title\" content=\"Gizlilik ve G\u00fcvenlik Politikas\u0131 -\" \/>\n<meta property=\"og:description\" content=\"Gizlilik ve G\u00fcvenlik Politikas\u0131 wenhomm.com web sitesine eri\u015fmekle ve kullanmakla, a\u015fa\u011f\u0131daki ilkeyi hi\u00e7bir s\u0131n\u0131rlama veya ko\u015ful olmaks\u0131z\u0131n kabul etmi\u015f say\u0131l\u0131rs\u0131n\u0131z. Bundan dolay\u0131 wenhomm.com web sitesine eri\u015fiminiz bu ilkeye ve ilgili yasalara tabidir. \u0130\u00e7erikte wenhomm.com web sitesinde wenhomm mobilya stoklar\u0131nda bulunan \u00fcr\u00fcnleri ve kampanyalar\u0131yla ilgili bilgiler bulunmaktad\u0131r. wenhomm.com, bu sitedeki t\u00fcm bilgilerin do\u011fru olmas\u0131 i\u00e7in gerekli...\" \/>\n<meta property=\"og:url\" content=\"https:\/\/wenhomm.com\/?page_id=1853\" \/>\n<meta property=\"article:publisher\" content=\"https:\/\/www.facebook.com\/p\/Wenhomm-100089241637346\/\" \/>\n<meta property=\"article:modified_time\" content=\"2024-08-26T12:08:10+00:00\" \/>\n<meta property=\"og:image\" content=\"https:\/\/wenhomm.com\/wp-content\/uploads\/2023\/01\/d026036df670a733149cb79b71358b19-1-e1724760238113.jpg\" \/>\n\t<meta property=\"og:image:width\" content=\"400\" \/>\n\t<meta property=\"og:image:height\" content=\"399\" \/>\n\t<meta property=\"og:image:type\" content=\"image\/jpeg\" \/>\n<meta name=\"twitter:card\" content=\"summary_large_image\" \/>\n<meta name=\"twitter:label1\" content=\"Tahmini okuma s\u00fcresi\" \/>\n\t<meta name=\"twitter:data1\" content=\"5 dakika\" \/>\n<script type=\"application\/ld+json\" class=\"yoast-schema-graph\">{\"@context\":\"https:\\\/\\\/schema.org\",\"@graph\":[{\"@type\":\"WebPage\",\"@id\":\"https:\\\/\\\/wenhomm.com\\\/?page_id=1853\",\"url\":\"https:\\\/\\\/wenhomm.com\\\/?page_id=1853\",\"name\":\"Gizlilik ve G\u00fcvenlik Politikas\u0131 -\",\"isPartOf\":{\"@id\":\"https:\\\/\\\/wenhomm.com\\\/#website\"},\"datePublished\":\"2024-08-26T11:44:25+00:00\",\"dateModified\":\"2024-08-26T12:08:10+00:00\",\"breadcrumb\":{\"@id\":\"https:\\\/\\\/wenhomm.com\\\/?page_id=1853#breadcrumb\"},\"inLanguage\":\"tr\",\"potentialAction\":[{\"@type\":\"ReadAction\",\"target\":[\"https:\\\/\\\/wenhomm.com\\\/?page_id=1853\"]}]},{\"@type\":\"BreadcrumbList\",\"@id\":\"https:\\\/\\\/wenhomm.com\\\/?page_id=1853#breadcrumb\",\"itemListElement\":[{\"@type\":\"ListItem\",\"position\":1,\"name\":\"Anasayfa\",\"item\":\"https:\\\/\\\/wenhomm.com\\\/\"},{\"@type\":\"ListItem\",\"position\":2,\"name\":\"Gizlilik ve G\u00fcvenlik Politikas\u0131\"}]},{\"@type\":\"WebSite\",\"@id\":\"https:\\\/\\\/wenhomm.com\\\/#website\",\"url\":\"https:\\\/\\\/wenhomm.com\\\/\",\"name\":\"wenhomm\",\"description\":\"ahsap masif \u00fcr\u00fcnler\",\"publisher\":{\"@id\":\"https:\\\/\\\/wenhomm.com\\\/#organization\"},\"potentialAction\":[{\"@type\":\"SearchAction\",\"target\":{\"@type\":\"EntryPoint\",\"urlTemplate\":\"https:\\\/\\\/wenhomm.com\\\/?s={search_term_string}\"},\"query-input\":{\"@type\":\"PropertyValueSpecification\",\"valueRequired\":true,\"valueName\":\"search_term_string\"}}],\"inLanguage\":\"tr\"},{\"@type\":\"Organization\",\"@id\":\"https:\\\/\\\/wenhomm.com\\\/#organization\",\"name\":\"wenhomm\",\"url\":\"https:\\\/\\\/wenhomm.com\\\/\",\"logo\":{\"@type\":\"ImageObject\",\"inLanguage\":\"tr\",\"@id\":\"https:\\\/\\\/wenhomm.com\\\/#\\\/schema\\\/logo\\\/image\\\/\",\"url\":\"https:\\\/\\\/wenhomm.com\\\/wp-content\\\/uploads\\\/2024\\\/08\\\/cropped-cropped-cropped-Ekran-goruntusu_24-8-2024_162756_.jpeg\",\"contentUrl\":\"https:\\\/\\\/wenhomm.com\\\/wp-content\\\/uploads\\\/2024\\\/08\\\/cropped-cropped-cropped-Ekran-goruntusu_24-8-2024_162756_.jpeg\",\"width\":200,\"height\":75,\"caption\":\"wenhomm\"},\"image\":{\"@id\":\"https:\\\/\\\/wenhomm.com\\\/#\\\/schema\\\/logo\\\/image\\\/\"},\"sameAs\":[\"https:\\\/\\\/www.facebook.com\\\/p\\\/Wenhomm-100089241637346\\\/\",\"https:\\\/\\\/www.instagram.com\\\/wenhomm\\\/\"]}]}<\/script>\n<!-- \/ Yoast SEO plugin. -->","yoast_head_json":{"title":"Gizlilik ve G\u00fcvenlik Politikas\u0131 -","robots":{"index":"index","follow":"follow","max-snippet":"max-snippet:-1","max-image-preview":"max-image-preview:large","max-video-preview":"max-video-preview:-1"},"canonical":"https:\/\/wenhomm.com\/?page_id=1853","og_locale":"tr_TR","og_type":"article","og_title":"Gizlilik ve G\u00fcvenlik Politikas\u0131 -","og_description":"Gizlilik ve G\u00fcvenlik Politikas\u0131 wenhomm.com web sitesine eri\u015fmekle ve kullanmakla, a\u015fa\u011f\u0131daki ilkeyi hi\u00e7bir s\u0131n\u0131rlama veya ko\u015ful olmaks\u0131z\u0131n kabul etmi\u015f say\u0131l\u0131rs\u0131n\u0131z. Bundan dolay\u0131 wenhomm.com web sitesine eri\u015fiminiz bu ilkeye ve ilgili yasalara tabidir. \u0130\u00e7erikte wenhomm.com web sitesinde wenhomm mobilya stoklar\u0131nda bulunan \u00fcr\u00fcnleri ve kampanyalar\u0131yla ilgili bilgiler bulunmaktad\u0131r. wenhomm.com, bu sitedeki t\u00fcm bilgilerin do\u011fru olmas\u0131 i\u00e7in gerekli...","og_url":"https:\/\/wenhomm.com\/?page_id=1853","article_publisher":"https:\/\/www.facebook.com\/p\/Wenhomm-100089241637346\/","article_modified_time":"2024-08-26T12:08:10+00:00","og_image":[{"width":400,"height":399,"url":"https:\/\/wenhomm.com\/wp-content\/uploads\/2023\/01\/d026036df670a733149cb79b71358b19-1-e1724760238113.jpg","type":"image\/jpeg"}],"twitter_card":"summary_large_image","twitter_misc":{"Tahmini okuma s\u00fcresi":"5 dakika"},"schema":{"@context":"https:\/\/schema.org","@graph":[{"@type":"WebPage","@id":"https:\/\/wenhomm.com\/?page_id=1853","url":"https:\/\/wenhomm.com\/?page_id=1853","name":"Gizlilik ve G\u00fcvenlik Politikas\u0131 -","isPartOf":{"@id":"https:\/\/wenhomm.com\/#website"},"datePublished":"2024-08-26T11:44:25+00:00","dateModified":"2024-08-26T12:08:10+00:00","breadcrumb":{"@id":"https:\/\/wenhomm.com\/?page_id=1853#breadcrumb"},"inLanguage":"tr","potentialAction":[{"@type":"ReadAction","target":["https:\/\/wenhomm.com\/?page_id=1853"]}]},{"@type":"BreadcrumbList","@id":"https:\/\/wenhomm.com\/?page_id=1853#breadcrumb","itemListElement":[{"@type":"ListItem","position":1,"name":"Anasayfa","item":"https:\/\/wenhomm.com\/"},{"@type":"ListItem","position":2,"name":"Gizlilik ve G\u00fcvenlik Politikas\u0131"}]},{"@type":"WebSite","@id":"https:\/\/wenhomm.com\/#website","url":"https:\/\/wenhomm.com\/","name":"wenhomm","description":"ahsap masif \u00fcr\u00fcnler","publisher":{"@id":"https:\/\/wenhomm.com\/#organization"},"potentialAction":[{"@type":"SearchAction","target":{"@type":"EntryPoint","urlTemplate":"https:\/\/wenhomm.com\/?s={search_term_string}"},"query-input":{"@type":"PropertyValueSpecification","valueRequired":true,"valueName":"search_term_string"}}],"inLanguage":"tr"},{"@type":"Organization","@id":"https:\/\/wenhomm.com\/#organization","name":"wenhomm","url":"https:\/\/wenhomm.com\/","logo":{"@type":"ImageObject","inLanguage":"tr","@id":"https:\/\/wenhomm.com\/#\/schema\/logo\/image\/","url":"https:\/\/wenhomm.com\/wp-content\/uploads\/2024\/08\/cropped-cropped-cropped-Ekran-goruntusu_24-8-2024_162756_.jpeg","contentUrl":"https:\/\/wenhomm.com\/wp-content\/uploads\/2024\/08\/cropped-cropped-cropped-Ekran-goruntusu_24-8-2024_162756_.jpeg","width":200,"height":75,"caption":"wenhomm"},"image":{"@id":"https:\/\/wenhomm.com\/#\/schema\/logo\/image\/"},"sameAs":["https:\/\/www.facebook.com\/p\/Wenhomm-100089241637346\/","https:\/\/www.instagram.com\/wenhomm\/"]}]}},"jetpack_sharing_enabled":true,"_links":{"self":[{"href":"https:\/\/wenhomm.com\/index.php?rest_route=\/wp\/v2\/pages\/1853","targetHints":{"allow":["GET"]}}],"collection":[{"href":"https:\/\/wenhomm.com\/index.php?rest_route=\/wp\/v2\/pages"}],"about":[{"href":"https:\/\/wenhomm.com\/index.php?rest_route=\/wp\/v2\/types\/page"}],"author":[{"embeddable":true,"href":"https:\/\/wenhomm.com\/index.php?rest_route=\/wp\/v2\/users\/1"}],"replies":[{"embeddable":true,"href":"https:\/\/wenhomm.com\/index.php?rest_route=%2Fwp%2Fv2%2Fcomments&post=1853"}],"version-history":[{"count":8,"href":"https:\/\/wenhomm.com\/index.php?rest_route=\/wp\/v2\/pages\/1853\/revisions"}],"predecessor-version":[{"id":1862,"href":"https:\/\/wenhomm.com\/index.php?rest_route=\/wp\/v2\/pages\/1853\/revisions\/1862"}],"wp:attachment":[{"href":"https:\/\/wenhomm.com\/index.php?rest_route=%2Fwp%2Fv2%2Fmedia&parent=1853"}],"curies":[{"name":"wp","href":"https:\/\/api.w.org\/{rel}","templated":true}]}}