{"id":885,"date":"2023-02-02T15:45:47","date_gmt":"2023-02-02T12:45:47","guid":{"rendered":"https:\/\/wenhomm.com\/?page_id=885"},"modified":"2024-08-26T13:41:23","modified_gmt":"2024-08-26T10:41:23","slug":"hakkimizda","status":"publish","type":"page","link":"https:\/\/wenhomm.com\/?page_id=885","title":{"rendered":"HAKKIMIZDA"},"content":{"rendered":"\t\t<div data-elementor-type=\"wp-page\" data-elementor-id=\"885\" class=\"elementor elementor-885\">\n\t\t\t\t\t\t<section class=\"elementor-section elementor-top-section elementor-element elementor-element-dc042db elementor-section-boxed elementor-section-height-default elementor-section-height-default\" data-id=\"dc042db\" data-element_type=\"section\" data-e-type=\"section\">\n\t\t\t\t\t\t<div class=\"elementor-container elementor-column-gap-default\">\n\t\t\t\t\t<div class=\"elementor-column elementor-col-100 elementor-top-column elementor-element elementor-element-38f111f\" data-id=\"38f111f\" data-element_type=\"column\" data-e-type=\"column\">\n\t\t\t<div class=\"elementor-widget-wrap elementor-element-populated\">\n\t\t\t\t\t\t<div class=\"elementor-element elementor-element-50f8be5 elementor-widget elementor-widget-heading\" data-id=\"50f8be5\" data-element_type=\"widget\" data-e-type=\"widget\" data-widget_type=\"heading.default\">\n\t\t\t\t<div class=\"elementor-widget-container\">\n\t\t\t\t\t<h2 class=\"elementor-heading-title elementor-size-default\">HAKKIMIZDA<\/h2>\t\t\t\t<\/div>\n\t\t\t\t<\/div>\n\t\t\t\t\t<\/div>\n\t\t<\/div>\n\t\t\t\t\t<\/div>\n\t\t<\/section>\n\t\t\t\t<section class=\"elementor-section elementor-top-section elementor-element elementor-element-3dbc669 elementor-section-boxed elementor-section-height-default elementor-section-height-default\" data-id=\"3dbc669\" data-element_type=\"section\" data-e-type=\"section\">\n\t\t\t\t\t\t<div class=\"elementor-container elementor-column-gap-default\">\n\t\t\t\t\t<div class=\"elementor-column elementor-col-100 elementor-top-column elementor-element elementor-element-5ca5ae1\" data-id=\"5ca5ae1\" data-element_type=\"column\" data-e-type=\"column\">\n\t\t\t<div class=\"elementor-widget-wrap elementor-element-populated\">\n\t\t\t\t\t\t<div class=\"elementor-element elementor-element-9237488 elementor-widget elementor-widget-heading\" data-id=\"9237488\" data-element_type=\"widget\" data-e-type=\"widget\" data-widget_type=\"heading.default\">\n\t\t\t\t<div class=\"elementor-widget-container\">\n\t\t\t\t\t<h3 class=\"elementor-heading-title elementor-size-medium\">AH\u015eAP VE DO\u011eAYA   \u0130LG\u0130 \u0130LE BA\u015eLAYAN SER\u00dcVEN\u0130M\u0130Z 2020 YILINDA  \u00dcRET\u0130MLE  E-T\u0130CARETE G\u0130REREK BA\u015eLAMI\u015eTIR.\n\n\n<\/h3>\t\t\t\t<\/div>\n\t\t\t\t<\/div>\n\t\t\t\t\t<\/div>\n\t\t<\/div>\n\t\t\t\t\t<\/div>\n\t\t<\/section>\n\t\t\t\t<section class=\"elementor-section elementor-top-section elementor-element elementor-element-5d79f5f elementor-section-boxed elementor-section-height-default elementor-section-height-default\" data-id=\"5d79f5f\" data-element_type=\"section\" data-e-type=\"section\">\n\t\t\t\t\t\t<div class=\"elementor-container elementor-column-gap-default\">\n\t\t\t\t\t<div class=\"elementor-column elementor-col-100 elementor-top-column elementor-element elementor-element-39f4a9a\" data-id=\"39f4a9a\" data-element_type=\"column\" data-e-type=\"column\">\n\t\t\t<div class=\"elementor-widget-wrap elementor-element-populated\">\n\t\t\t\t\t\t<div class=\"elementor-element elementor-element-77477c4 elementor-widget elementor-widget-heading\" data-id=\"77477c4\" data-element_type=\"widget\" data-e-type=\"widget\" data-widget_type=\"heading.default\">\n\t\t\t\t<div class=\"elementor-widget-container\">\n\t\t\t\t\t<h3 class=\"elementor-heading-title elementor-size-medium\">\u00d6NCEL\u0130\u011e\u0130M\u0130Z M\u00dc\u015eTER\u0130LER\u0130M\u0130ZE DO\u011eAL VE SADEL\u0130\u011e\u0130N OLDU\u011eU KAL\u0130TEL\u0130 \u00dcR\u00dcNLER \u00dcRETMEKT\u0130R.\n\n\n<\/h3>\t\t\t\t<\/div>\n\t\t\t\t<\/div>\n\t\t\t\t\t<\/div>\n\t\t<\/div>\n\t\t\t\t\t<\/div>\n\t\t<\/section>\n\t\t\t\t<section class=\"elementor-section elementor-top-section elementor-element elementor-element-2a7e061 elementor-section-boxed elementor-section-height-default elementor-section-height-default\" data-id=\"2a7e061\" data-element_type=\"section\" data-e-type=\"section\">\n\t\t\t\t\t\t<div class=\"elementor-container elementor-column-gap-default\">\n\t\t\t\t\t<div class=\"elementor-column elementor-col-100 elementor-top-column elementor-element elementor-element-d36f630\" data-id=\"d36f630\" data-element_type=\"column\" data-e-type=\"column\">\n\t\t\t<div class=\"elementor-widget-wrap elementor-element-populated\">\n\t\t\t\t\t\t<div class=\"elementor-element elementor-element-6621647 elementor-widget elementor-widget-heading\" data-id=\"6621647\" data-element_type=\"widget\" data-e-type=\"widget\" data-widget_type=\"heading.default\">\n\t\t\t\t<div class=\"elementor-widget-container\">\n\t\t\t\t\t<h3 class=\"elementor-heading-title elementor-size-medium\">GEL\u0130\u015eMEKTE OLAN F\u0130RMAMIZ TECR\u00dcBES\u0130 VE M\u00dc\u015eTER\u0130 MEMNUN\u0130YET\u0130 \u0130LE \u00dcR\u00dcN \u00c7E\u015e\u0130TL\u0130\u011e\u0130N\u0130 GEL\u0130\u015eT\u0130REREK HER GECEN G\u00dcN  ARTTIRMAKTADIR.\n<\/h3>\t\t\t\t<\/div>\n\t\t\t\t<\/div>\n\t\t\t\t\t<\/div>\n\t\t<\/div>\n\t\t\t\t\t<\/div>\n\t\t<\/section>\n\t\t\t\t<\/div>\n\t\t","protected":false},"excerpt":{"rendered":"<p>HAKKIMIZDA AH\u015eAP VE DO\u011eAYA \u0130LG\u0130 \u0130LE BA\u015eLAYAN SER\u00dcVEN\u0130M\u0130Z 2020 YILINDA \u00dcRET\u0130MLE E-T\u0130CARETE G\u0130REREK BA\u015eLAMI\u015eTIR. \u00d6NCEL\u0130\u011e\u0130M\u0130Z M\u00dc\u015eTER\u0130LER\u0130M\u0130ZE DO\u011eAL VE SADEL\u0130\u011e\u0130N OLDU\u011eU KAL\u0130TEL\u0130 \u00dcR\u00dcNLER \u00dcRETMEKT\u0130R. GEL\u0130\u015eMEKTE OLAN F\u0130RMAMIZ TECR\u00dcBES\u0130 VE M\u00dc\u015eTER\u0130 MEMNUN\u0130YET\u0130 \u0130LE \u00dcR\u00dcN \u00c7E\u015e\u0130TL\u0130\u011e\u0130N\u0130 GEL\u0130\u015eT\u0130REREK HER GECEN G\u00dcN ARTTIRMAKTADIR.<\/p>\n","protected":false},"author":1,"featured_media":0,"parent":0,"menu_order":0,"comment_status":"closed","ping_status":"closed","template":"","meta":{"_kad_post_transparent":"","_kad_post_title":"hide","_kad_post_layout":"fullwidth","_kad_post_sidebar_id":"","_kad_post_content_style":"unboxed","_kad_post_vertical_padding":"hide","_kad_post_feature":"hide","_kad_post_feature_position":"","_kad_post_header":false,"_kad_post_footer":false,"footnotes":""},"class_list":["post-885","page","type-page","status-publish","hentry"],"yoast_head":"<!-- This site is optimized with the Yoast SEO plugin v27.4 - https:\/\/yoast.com\/product\/yoast-seo-wordpress\/ -->\n<title>HAKKIMIZDA -<\/title>\n<meta name=\"robots\" content=\"index, follow, max-snippet:-1, max-image-preview:large, max-video-preview:-1\" \/>\n<link rel=\"canonical\" href=\"https:\/\/wenhomm.com\/?page_id=885\" \/>\n<meta property=\"og:locale\" content=\"tr_TR\" \/>\n<meta property=\"og:type\" content=\"article\" \/>\n<meta property=\"og:title\" content=\"HAKKIMIZDA -\" \/>\n<meta property=\"og:description\" content=\"HAKKIMIZDA AH\u015eAP VE DO\u011eAYA \u0130LG\u0130 \u0130LE BA\u015eLAYAN SER\u00dcVEN\u0130M\u0130Z 2020 YILINDA \u00dcRET\u0130MLE E-T\u0130CARETE G\u0130REREK BA\u015eLAMI\u015eTIR. \u00d6NCEL\u0130\u011e\u0130M\u0130Z M\u00dc\u015eTER\u0130LER\u0130M\u0130ZE DO\u011eAL VE SADEL\u0130\u011e\u0130N OLDU\u011eU KAL\u0130TEL\u0130 \u00dcR\u00dcNLER \u00dcRETMEKT\u0130R. GEL\u0130\u015eMEKTE OLAN F\u0130RMAMIZ TECR\u00dcBES\u0130 VE M\u00dc\u015eTER\u0130 MEMNUN\u0130YET\u0130 \u0130LE \u00dcR\u00dcN \u00c7E\u015e\u0130TL\u0130\u011e\u0130N\u0130 GEL\u0130\u015eT\u0130REREK HER GECEN G\u00dcN ARTTIRMAKTADIR.\" \/>\n<meta property=\"og:url\" content=\"https:\/\/wenhomm.com\/?page_id=885\" \/>\n<meta property=\"article:publisher\" content=\"https:\/\/www.facebook.com\/p\/Wenhomm-100089241637346\/\" \/>\n<meta property=\"article:modified_time\" content=\"2024-08-26T10:41:23+00:00\" \/>\n<meta property=\"og:image\" content=\"https:\/\/wenhomm.com\/wp-content\/uploads\/2023\/01\/d026036df670a733149cb79b71358b19-1-e1724760238113.jpg\" \/>\n\t<meta property=\"og:image:width\" content=\"400\" \/>\n\t<meta property=\"og:image:height\" content=\"399\" \/>\n\t<meta property=\"og:image:type\" content=\"image\/jpeg\" \/>\n<meta name=\"twitter:card\" content=\"summary_large_image\" \/>\n<script type=\"application\/ld+json\" class=\"yoast-schema-graph\">{\"@context\":\"https:\\\/\\\/schema.org\",\"@graph\":[{\"@type\":\"WebPage\",\"@id\":\"https:\\\/\\\/wenhomm.com\\\/?page_id=885\",\"url\":\"https:\\\/\\\/wenhomm.com\\\/?page_id=885\",\"name\":\"HAKKIMIZDA -\",\"isPartOf\":{\"@id\":\"https:\\\/\\\/wenhomm.com\\\/#website\"},\"datePublished\":\"2023-02-02T12:45:47+00:00\",\"dateModified\":\"2024-08-26T10:41:23+00:00\",\"breadcrumb\":{\"@id\":\"https:\\\/\\\/wenhomm.com\\\/?page_id=885#breadcrumb\"},\"inLanguage\":\"tr\",\"potentialAction\":[{\"@type\":\"ReadAction\",\"target\":[\"https:\\\/\\\/wenhomm.com\\\/?page_id=885\"]}]},{\"@type\":\"BreadcrumbList\",\"@id\":\"https:\\\/\\\/wenhomm.com\\\/?page_id=885#breadcrumb\",\"itemListElement\":[{\"@type\":\"ListItem\",\"position\":1,\"name\":\"Anasayfa\",\"item\":\"https:\\\/\\\/wenhomm.com\\\/\"},{\"@type\":\"ListItem\",\"position\":2,\"name\":\"HAKKIMIZDA\"}]},{\"@type\":\"WebSite\",\"@id\":\"https:\\\/\\\/wenhomm.com\\\/#website\",\"url\":\"https:\\\/\\\/wenhomm.com\\\/\",\"name\":\"wenhomm\",\"description\":\"ahsap masif \u00fcr\u00fcnler\",\"publisher\":{\"@id\":\"https:\\\/\\\/wenhomm.com\\\/#organization\"},\"potentialAction\":[{\"@type\":\"SearchAction\",\"target\":{\"@type\":\"EntryPoint\",\"urlTemplate\":\"https:\\\/\\\/wenhomm.com\\\/?s={search_term_string}\"},\"query-input\":{\"@type\":\"PropertyValueSpecification\",\"valueRequired\":true,\"valueName\":\"search_term_string\"}}],\"inLanguage\":\"tr\"},{\"@type\":\"Organization\",\"@id\":\"https:\\\/\\\/wenhomm.com\\\/#organization\",\"name\":\"wenhomm\",\"url\":\"https:\\\/\\\/wenhomm.com\\\/\",\"logo\":{\"@type\":\"ImageObject\",\"inLanguage\":\"tr\",\"@id\":\"https:\\\/\\\/wenhomm.com\\\/#\\\/schema\\\/logo\\\/image\\\/\",\"url\":\"https:\\\/\\\/wenhomm.com\\\/wp-content\\\/uploads\\\/2024\\\/08\\\/cropped-cropped-cropped-Ekran-goruntusu_24-8-2024_162756_.jpeg\",\"contentUrl\":\"https:\\\/\\\/wenhomm.com\\\/wp-content\\\/uploads\\\/2024\\\/08\\\/cropped-cropped-cropped-Ekran-goruntusu_24-8-2024_162756_.jpeg\",\"width\":200,\"height\":75,\"caption\":\"wenhomm\"},\"image\":{\"@id\":\"https:\\\/\\\/wenhomm.com\\\/#\\\/schema\\\/logo\\\/image\\\/\"},\"sameAs\":[\"https:\\\/\\\/www.facebook.com\\\/p\\\/Wenhomm-100089241637346\\\/\",\"https:\\\/\\\/www.instagram.com\\\/wenhomm\\\/\"]}]}<\/script>\n<!-- \/ Yoast SEO plugin. -->","yoast_head_json":{"title":"HAKKIMIZDA -","robots":{"index":"index","follow":"follow","max-snippet":"max-snippet:-1","max-image-preview":"max-image-preview:large","max-video-preview":"max-video-preview:-1"},"canonical":"https:\/\/wenhomm.com\/?page_id=885","og_locale":"tr_TR","og_type":"article","og_title":"HAKKIMIZDA -","og_description":"HAKKIMIZDA AH\u015eAP VE DO\u011eAYA \u0130LG\u0130 \u0130LE BA\u015eLAYAN SER\u00dcVEN\u0130M\u0130Z 2020 YILINDA \u00dcRET\u0130MLE E-T\u0130CARETE G\u0130REREK BA\u015eLAMI\u015eTIR. \u00d6NCEL\u0130\u011e\u0130M\u0130Z M\u00dc\u015eTER\u0130LER\u0130M\u0130ZE DO\u011eAL VE SADEL\u0130\u011e\u0130N OLDU\u011eU KAL\u0130TEL\u0130 \u00dcR\u00dcNLER \u00dcRETMEKT\u0130R. GEL\u0130\u015eMEKTE OLAN F\u0130RMAMIZ TECR\u00dcBES\u0130 VE M\u00dc\u015eTER\u0130 MEMNUN\u0130YET\u0130 \u0130LE \u00dcR\u00dcN \u00c7E\u015e\u0130TL\u0130\u011e\u0130N\u0130 GEL\u0130\u015eT\u0130REREK HER GECEN G\u00dcN ARTTIRMAKTADIR.","og_url":"https:\/\/wenhomm.com\/?page_id=885","article_publisher":"https:\/\/www.facebook.com\/p\/Wenhomm-100089241637346\/","article_modified_time":"2024-08-26T10:41:23+00:00","og_image":[{"width":400,"height":399,"url":"https:\/\/wenhomm.com\/wp-content\/uploads\/2023\/01\/d026036df670a733149cb79b71358b19-1-e1724760238113.jpg","type":"image\/jpeg"}],"twitter_card":"summary_large_image","schema":{"@context":"https:\/\/schema.org","@graph":[{"@type":"WebPage","@id":"https:\/\/wenhomm.com\/?page_id=885","url":"https:\/\/wenhomm.com\/?page_id=885","name":"HAKKIMIZDA -","isPartOf":{"@id":"https:\/\/wenhomm.com\/#website"},"datePublished":"2023-02-02T12:45:47+00:00","dateModified":"2024-08-26T10:41:23+00:00","breadcrumb":{"@id":"https:\/\/wenhomm.com\/?page_id=885#breadcrumb"},"inLanguage":"tr","potentialAction":[{"@type":"ReadAction","target":["https:\/\/wenhomm.com\/?page_id=885"]}]},{"@type":"BreadcrumbList","@id":"https:\/\/wenhomm.com\/?page_id=885#breadcrumb","itemListElement":[{"@type":"ListItem","position":1,"name":"Anasayfa","item":"https:\/\/wenhomm.com\/"},{"@type":"ListItem","position":2,"name":"HAKKIMIZDA"}]},{"@type":"WebSite","@id":"https:\/\/wenhomm.com\/#website","url":"https:\/\/wenhomm.com\/","name":"wenhomm","description":"ahsap masif \u00fcr\u00fcnler","publisher":{"@id":"https:\/\/wenhomm.com\/#organization"},"potentialAction":[{"@type":"SearchAction","target":{"@type":"EntryPoint","urlTemplate":"https:\/\/wenhomm.com\/?s={search_term_string}"},"query-input":{"@type":"PropertyValueSpecification","valueRequired":true,"valueName":"search_term_string"}}],"inLanguage":"tr"},{"@type":"Organization","@id":"https:\/\/wenhomm.com\/#organization","name":"wenhomm","url":"https:\/\/wenhomm.com\/","logo":{"@type":"ImageObject","inLanguage":"tr","@id":"https:\/\/wenhomm.com\/#\/schema\/logo\/image\/","url":"https:\/\/wenhomm.com\/wp-content\/uploads\/2024\/08\/cropped-cropped-cropped-Ekran-goruntusu_24-8-2024_162756_.jpeg","contentUrl":"https:\/\/wenhomm.com\/wp-content\/uploads\/2024\/08\/cropped-cropped-cropped-Ekran-goruntusu_24-8-2024_162756_.jpeg","width":200,"height":75,"caption":"wenhomm"},"image":{"@id":"https:\/\/wenhomm.com\/#\/schema\/logo\/image\/"},"sameAs":["https:\/\/www.facebook.com\/p\/Wenhomm-100089241637346\/","https:\/\/www.instagram.com\/wenhomm\/"]}]}},"jetpack_sharing_enabled":true,"_links":{"self":[{"href":"https:\/\/wenhomm.com\/index.php?rest_route=\/wp\/v2\/pages\/885","targetHints":{"allow":["GET"]}}],"collection":[{"href":"https:\/\/wenhomm.com\/index.php?rest_route=\/wp\/v2\/pages"}],"about":[{"href":"https:\/\/wenhomm.com\/index.php?rest_route=\/wp\/v2\/types\/page"}],"author":[{"embeddable":true,"href":"https:\/\/wenhomm.com\/index.php?rest_route=\/wp\/v2\/users\/1"}],"replies":[{"embeddable":true,"href":"https:\/\/wenhomm.com\/index.php?rest_route=%2Fwp%2Fv2%2Fcomments&post=885"}],"version-history":[{"count":10,"href":"https:\/\/wenhomm.com\/index.php?rest_route=\/wp\/v2\/pages\/885\/revisions"}],"predecessor-version":[{"id":1842,"href":"https:\/\/wenhomm.com\/index.php?rest_route=\/wp\/v2\/pages\/885\/revisions\/1842"}],"wp:attachment":[{"href":"https:\/\/wenhomm.com\/index.php?rest_route=%2Fwp%2Fv2%2Fmedia&parent=885"}],"curies":[{"name":"wp","href":"https:\/\/api.w.org\/{rel}","templated":true}]}}