{"id":1782,"date":"2023-05-28T22:11:24","date_gmt":"2023-05-28T19:11:24","guid":{"rendered":"https:\/\/wenhomm.com\/?post_type=product&#038;p=1782"},"modified":"2025-10-05T13:59:56","modified_gmt":"2025-10-05T10:59:56","slug":"retro-tv-sehpasi","status":"publish","type":"product","link":"https:\/\/wenhomm.com\/?product=retro-tv-sehpasi","title":{"rendered":"Retro Tv Sehpas\u0131"},"content":{"rendered":"<p>\u25ca Modelimiz kaplamal\u0131 kay\u0131n ah\u015fapt\u0131r<\/p>\n<p>\u25ca \u00d6l\u00e7\u00fc:180cm \/ 41cm \/ 57cm<\/p>\n<p>\u25caMobilyalar\u0131n\u0131z\u0131 nemli bezle silerek temizleyebilirsiniz. Y\u00fczeyin uzun s\u00fcre su ile temas\u0131ndan ka\u00e7\u0131n\u0131n\u0131z<\/p>\n<p>\u25ca 5 adet\u00a0 \u00a0toplu \u00fczerinde al\u0131mlarda indirimli \u00f6zel fiyat teklifi alabilirsiniz.<\/p>\n<p>\u25caFarkl\u0131 \u00f6l\u00e7\u00fcler\u00a0 i\u00e7in l\u00fctfen fiyat al\u0131n\u0131z<\/p>\n","protected":false},"excerpt":{"rendered":"<p>\u25ca Modelimiz kaplamal\u0131 kay\u0131n ah\u015fapt\u0131r \u25ca \u00d6l\u00e7\u00fc:180cm \/ 41cm \/ 57cm \u25caMobilyalar\u0131n\u0131z\u0131 nemli bezle silerek temizleyebilirsiniz. Y\u00fczeyin uzun s\u00fcre su ile temas\u0131ndan ka\u00e7\u0131n\u0131n\u0131z \u25ca 5 adet\u00a0 \u00a0toplu \u00fczerinde al\u0131mlarda indirimli \u00f6zel fiyat teklifi alabilirsiniz. \u25caFarkl\u0131 \u00f6l\u00e7\u00fcler\u00a0 i\u00e7in l\u00fctfen fiyat al\u0131n\u0131z<\/p>\n","protected":false},"featured_media":1894,"comment_status":"open","ping_status":"closed","template":"","meta":{"_kad_post_transparent":"default","_kad_post_title":"","_kad_post_layout":"default","_kad_post_sidebar_id":"","_kad_post_content_style":"default","_kad_post_vertical_padding":"default","_kad_post_feature":"","_kad_post_feature_position":"","_kad_post_header":false,"_kad_post_footer":false},"product_cat":[61],"product_tag":[],"class_list":{"0":"post-1782","1":"product","2":"type-product","3":"status-publish","4":"has-post-thumbnail","6":"product_cat-tv-unitesi","8":"first","9":"instock","10":"taxable","11":"shipping-taxable","12":"purchasable","13":"product-type-simple","14":"entry","15":"content-bg","16":"loop-entry"},"yoast_head":"<!-- This site is optimized with the Yoast SEO plugin v27.4 - https:\/\/yoast.com\/product\/yoast-seo-wordpress\/ -->\n<title>Retro Tv Sehpas\u0131 -<\/title>\n<meta name=\"robots\" content=\"index, follow, max-snippet:-1, max-image-preview:large, max-video-preview:-1\" \/>\n<link rel=\"canonical\" href=\"https:\/\/wenhomm.com\/?product=retro-tv-sehpasi\" \/>\n<meta property=\"og:locale\" content=\"tr_TR\" \/>\n<meta property=\"og:type\" content=\"article\" \/>\n<meta property=\"og:title\" content=\"Retro Tv Sehpas\u0131 -\" \/>\n<meta property=\"og:description\" content=\"\u25ca Modelimiz kaplamal\u0131 kay\u0131n ah\u015fapt\u0131r \u25ca \u00d6l\u00e7\u00fc:180cm \/ 41cm \/ 57cm \u25caMobilyalar\u0131n\u0131z\u0131 nemli bezle silerek temizleyebilirsiniz. Y\u00fczeyin uzun s\u00fcre su ile temas\u0131ndan ka\u00e7\u0131n\u0131n\u0131z \u25ca 5 adet\u00a0 \u00a0toplu \u00fczerinde al\u0131mlarda indirimli \u00f6zel fiyat teklifi alabilirsiniz. \u25caFarkl\u0131 \u00f6l\u00e7\u00fcler\u00a0 i\u00e7in l\u00fctfen fiyat al\u0131n\u0131z\" \/>\n<meta property=\"og:url\" content=\"https:\/\/wenhomm.com\/?product=retro-tv-sehpasi\" \/>\n<meta property=\"article:publisher\" content=\"https:\/\/www.facebook.com\/p\/Wenhomm-100089241637346\/\" \/>\n<meta property=\"article:modified_time\" content=\"2025-10-05T10:59:56+00:00\" \/>\n<meta property=\"og:image\" content=\"https:\/\/wenhomm.com\/wp-content\/uploads\/2023\/05\/retro.png\" \/>\n\t<meta property=\"og:image:width\" content=\"2000\" \/>\n\t<meta property=\"og:image:height\" content=\"1749\" \/>\n\t<meta property=\"og:image:type\" content=\"image\/png\" \/>\n<meta name=\"twitter:card\" content=\"summary_large_image\" \/>\n<meta name=\"twitter:label1\" content=\"Tahmini okuma s\u00fcresi\" \/>\n\t<meta name=\"twitter:data1\" content=\"1 dakika\" \/>\n<script type=\"application\/ld+json\" class=\"yoast-schema-graph\">{\"@context\":\"https:\\\/\\\/schema.org\",\"@graph\":[{\"@type\":\"WebPage\",\"@id\":\"https:\\\/\\\/wenhomm.com\\\/?product=retro-tv-sehpasi\",\"url\":\"https:\\\/\\\/wenhomm.com\\\/?product=retro-tv-sehpasi\",\"name\":\"Retro Tv Sehpas\u0131 -\",\"isPartOf\":{\"@id\":\"https:\\\/\\\/wenhomm.com\\\/#website\"},\"primaryImageOfPage\":{\"@id\":\"https:\\\/\\\/wenhomm.com\\\/?product=retro-tv-sehpasi#primaryimage\"},\"image\":{\"@id\":\"https:\\\/\\\/wenhomm.com\\\/?product=retro-tv-sehpasi#primaryimage\"},\"thumbnailUrl\":\"https:\\\/\\\/wenhomm.com\\\/wp-content\\\/uploads\\\/2023\\\/05\\\/retro.png\",\"datePublished\":\"2023-05-28T19:11:24+00:00\",\"dateModified\":\"2025-10-05T10:59:56+00:00\",\"breadcrumb\":{\"@id\":\"https:\\\/\\\/wenhomm.com\\\/?product=retro-tv-sehpasi#breadcrumb\"},\"inLanguage\":\"tr\",\"potentialAction\":[{\"@type\":\"ReadAction\",\"target\":[\"https:\\\/\\\/wenhomm.com\\\/?product=retro-tv-sehpasi\"]}]},{\"@type\":\"ImageObject\",\"inLanguage\":\"tr\",\"@id\":\"https:\\\/\\\/wenhomm.com\\\/?product=retro-tv-sehpasi#primaryimage\",\"url\":\"https:\\\/\\\/wenhomm.com\\\/wp-content\\\/uploads\\\/2023\\\/05\\\/retro.png\",\"contentUrl\":\"https:\\\/\\\/wenhomm.com\\\/wp-content\\\/uploads\\\/2023\\\/05\\\/retro.png\",\"width\":2000,\"height\":1749},{\"@type\":\"BreadcrumbList\",\"@id\":\"https:\\\/\\\/wenhomm.com\\\/?product=retro-tv-sehpasi#breadcrumb\",\"itemListElement\":[{\"@type\":\"ListItem\",\"position\":1,\"name\":\"Anasayfa\",\"item\":\"https:\\\/\\\/wenhomm.com\\\/\"},{\"@type\":\"ListItem\",\"position\":2,\"name\":\"\u00dcR\u00dcNLER\",\"item\":\"https:\\\/\\\/wenhomm.com\\\/?page_id=8\"},{\"@type\":\"ListItem\",\"position\":3,\"name\":\"Retro Tv Sehpas\u0131\"}]},{\"@type\":\"WebSite\",\"@id\":\"https:\\\/\\\/wenhomm.com\\\/#website\",\"url\":\"https:\\\/\\\/wenhomm.com\\\/\",\"name\":\"wenhomm\",\"description\":\"ahsap masif \u00fcr\u00fcnler\",\"publisher\":{\"@id\":\"https:\\\/\\\/wenhomm.com\\\/#organization\"},\"potentialAction\":[{\"@type\":\"SearchAction\",\"target\":{\"@type\":\"EntryPoint\",\"urlTemplate\":\"https:\\\/\\\/wenhomm.com\\\/?s={search_term_string}\"},\"query-input\":{\"@type\":\"PropertyValueSpecification\",\"valueRequired\":true,\"valueName\":\"search_term_string\"}}],\"inLanguage\":\"tr\"},{\"@type\":\"Organization\",\"@id\":\"https:\\\/\\\/wenhomm.com\\\/#organization\",\"name\":\"wenhomm\",\"url\":\"https:\\\/\\\/wenhomm.com\\\/\",\"logo\":{\"@type\":\"ImageObject\",\"inLanguage\":\"tr\",\"@id\":\"https:\\\/\\\/wenhomm.com\\\/#\\\/schema\\\/logo\\\/image\\\/\",\"url\":\"https:\\\/\\\/wenhomm.com\\\/wp-content\\\/uploads\\\/2024\\\/08\\\/cropped-cropped-cropped-Ekran-goruntusu_24-8-2024_162756_.jpeg\",\"contentUrl\":\"https:\\\/\\\/wenhomm.com\\\/wp-content\\\/uploads\\\/2024\\\/08\\\/cropped-cropped-cropped-Ekran-goruntusu_24-8-2024_162756_.jpeg\",\"width\":200,\"height\":75,\"caption\":\"wenhomm\"},\"image\":{\"@id\":\"https:\\\/\\\/wenhomm.com\\\/#\\\/schema\\\/logo\\\/image\\\/\"},\"sameAs\":[\"https:\\\/\\\/www.facebook.com\\\/p\\\/Wenhomm-100089241637346\\\/\",\"https:\\\/\\\/www.instagram.com\\\/wenhomm\\\/\"]}]}<\/script>\n<!-- \/ Yoast SEO plugin. -->","yoast_head_json":{"title":"Retro Tv Sehpas\u0131 -","robots":{"index":"index","follow":"follow","max-snippet":"max-snippet:-1","max-image-preview":"max-image-preview:large","max-video-preview":"max-video-preview:-1"},"canonical":"https:\/\/wenhomm.com\/?product=retro-tv-sehpasi","og_locale":"tr_TR","og_type":"article","og_title":"Retro Tv Sehpas\u0131 -","og_description":"\u25ca Modelimiz kaplamal\u0131 kay\u0131n ah\u015fapt\u0131r \u25ca \u00d6l\u00e7\u00fc:180cm \/ 41cm \/ 57cm \u25caMobilyalar\u0131n\u0131z\u0131 nemli bezle silerek temizleyebilirsiniz. Y\u00fczeyin uzun s\u00fcre su ile temas\u0131ndan ka\u00e7\u0131n\u0131n\u0131z \u25ca 5 adet\u00a0 \u00a0toplu \u00fczerinde al\u0131mlarda indirimli \u00f6zel fiyat teklifi alabilirsiniz. \u25caFarkl\u0131 \u00f6l\u00e7\u00fcler\u00a0 i\u00e7in l\u00fctfen fiyat al\u0131n\u0131z","og_url":"https:\/\/wenhomm.com\/?product=retro-tv-sehpasi","article_publisher":"https:\/\/www.facebook.com\/p\/Wenhomm-100089241637346\/","article_modified_time":"2025-10-05T10:59:56+00:00","og_image":[{"width":2000,"height":1749,"url":"https:\/\/wenhomm.com\/wp-content\/uploads\/2023\/05\/retro.png","type":"image\/png"}],"twitter_card":"summary_large_image","twitter_misc":{"Tahmini okuma s\u00fcresi":"1 dakika"},"schema":{"@context":"https:\/\/schema.org","@graph":[{"@type":"WebPage","@id":"https:\/\/wenhomm.com\/?product=retro-tv-sehpasi","url":"https:\/\/wenhomm.com\/?product=retro-tv-sehpasi","name":"Retro Tv Sehpas\u0131 -","isPartOf":{"@id":"https:\/\/wenhomm.com\/#website"},"primaryImageOfPage":{"@id":"https:\/\/wenhomm.com\/?product=retro-tv-sehpasi#primaryimage"},"image":{"@id":"https:\/\/wenhomm.com\/?product=retro-tv-sehpasi#primaryimage"},"thumbnailUrl":"https:\/\/wenhomm.com\/wp-content\/uploads\/2023\/05\/retro.png","datePublished":"2023-05-28T19:11:24+00:00","dateModified":"2025-10-05T10:59:56+00:00","breadcrumb":{"@id":"https:\/\/wenhomm.com\/?product=retro-tv-sehpasi#breadcrumb"},"inLanguage":"tr","potentialAction":[{"@type":"ReadAction","target":["https:\/\/wenhomm.com\/?product=retro-tv-sehpasi"]}]},{"@type":"ImageObject","inLanguage":"tr","@id":"https:\/\/wenhomm.com\/?product=retro-tv-sehpasi#primaryimage","url":"https:\/\/wenhomm.com\/wp-content\/uploads\/2023\/05\/retro.png","contentUrl":"https:\/\/wenhomm.com\/wp-content\/uploads\/2023\/05\/retro.png","width":2000,"height":1749},{"@type":"BreadcrumbList","@id":"https:\/\/wenhomm.com\/?product=retro-tv-sehpasi#breadcrumb","itemListElement":[{"@type":"ListItem","position":1,"name":"Anasayfa","item":"https:\/\/wenhomm.com\/"},{"@type":"ListItem","position":2,"name":"\u00dcR\u00dcNLER","item":"https:\/\/wenhomm.com\/?page_id=8"},{"@type":"ListItem","position":3,"name":"Retro Tv Sehpas\u0131"}]},{"@type":"WebSite","@id":"https:\/\/wenhomm.com\/#website","url":"https:\/\/wenhomm.com\/","name":"wenhomm","description":"ahsap masif \u00fcr\u00fcnler","publisher":{"@id":"https:\/\/wenhomm.com\/#organization"},"potentialAction":[{"@type":"SearchAction","target":{"@type":"EntryPoint","urlTemplate":"https:\/\/wenhomm.com\/?s={search_term_string}"},"query-input":{"@type":"PropertyValueSpecification","valueRequired":true,"valueName":"search_term_string"}}],"inLanguage":"tr"},{"@type":"Organization","@id":"https:\/\/wenhomm.com\/#organization","name":"wenhomm","url":"https:\/\/wenhomm.com\/","logo":{"@type":"ImageObject","inLanguage":"tr","@id":"https:\/\/wenhomm.com\/#\/schema\/logo\/image\/","url":"https:\/\/wenhomm.com\/wp-content\/uploads\/2024\/08\/cropped-cropped-cropped-Ekran-goruntusu_24-8-2024_162756_.jpeg","contentUrl":"https:\/\/wenhomm.com\/wp-content\/uploads\/2024\/08\/cropped-cropped-cropped-Ekran-goruntusu_24-8-2024_162756_.jpeg","width":200,"height":75,"caption":"wenhomm"},"image":{"@id":"https:\/\/wenhomm.com\/#\/schema\/logo\/image\/"},"sameAs":["https:\/\/www.facebook.com\/p\/Wenhomm-100089241637346\/","https:\/\/www.instagram.com\/wenhomm\/"]}]}},"jetpack_sharing_enabled":true,"_links":{"self":[{"href":"https:\/\/wenhomm.com\/index.php?rest_route=\/wp\/v2\/product\/1782","targetHints":{"allow":["GET"]}}],"collection":[{"href":"https:\/\/wenhomm.com\/index.php?rest_route=\/wp\/v2\/product"}],"about":[{"href":"https:\/\/wenhomm.com\/index.php?rest_route=\/wp\/v2\/types\/product"}],"replies":[{"embeddable":true,"href":"https:\/\/wenhomm.com\/index.php?rest_route=%2Fwp%2Fv2%2Fcomments&post=1782"}],"wp:featuredmedia":[{"embeddable":true,"href":"https:\/\/wenhomm.com\/index.php?rest_route=\/wp\/v2\/media\/1894"}],"wp:attachment":[{"href":"https:\/\/wenhomm.com\/index.php?rest_route=%2Fwp%2Fv2%2Fmedia&parent=1782"}],"wp:term":[{"taxonomy":"product_cat","embeddable":true,"href":"https:\/\/wenhomm.com\/index.php?rest_route=%2Fwp%2Fv2%2Fproduct_cat&post=1782"},{"taxonomy":"product_tag","embeddable":true,"href":"https:\/\/wenhomm.com\/index.php?rest_route=%2Fwp%2Fv2%2Fproduct_tag&post=1782"}],"curies":[{"name":"wp","href":"https:\/\/api.w.org\/{rel}","templated":true}]}}