{"id":2100,"date":"2024-08-29T19:28:40","date_gmt":"2024-08-29T16:28:40","guid":{"rendered":"https:\/\/wenhomm.com\/?post_type=product&#038;p=2100"},"modified":"2024-09-08T20:53:15","modified_gmt":"2024-09-08T17:53:15","slug":"mt3","status":"publish","type":"product","link":"https:\/\/wenhomm.com\/?product=mt3","title":{"rendered":"MT3"},"content":{"rendered":"","protected":false},"excerpt":{"rendered":"<p>\u00dcr\u00fcnlerimiz m\u00fc\u015fterilemizin ihtiya\u00e7lar\u0131na ve zevklerin g\u00f6re tasarlanmaktad\u0131r.<\/p>\n<p>Detayl\u0131 bilgi i\u00e7in ileti\u015fime ge\u00e7iniz<\/p>\n<p>&nbsp;<\/p>\n","protected":false},"featured_media":2076,"comment_status":"open","ping_status":"closed","template":"","meta":{"_kad_post_transparent":"default","_kad_post_title":"","_kad_post_layout":"default","_kad_post_sidebar_id":"","_kad_post_content_style":"default","_kad_post_vertical_padding":"default","_kad_post_feature":"","_kad_post_feature_position":"","_kad_post_header":false,"_kad_post_footer":false},"product_cat":[84],"product_tag":[],"class_list":{"0":"post-2100","1":"product","2":"type-product","3":"status-publish","4":"has-post-thumbnail","6":"product_cat-mutfak-dolabi","8":"first","9":"instock","10":"taxable","11":"shipping-taxable","12":"product-type-simple","13":"entry","14":"content-bg","15":"loop-entry"},"yoast_head":"<!-- This site is optimized with the Yoast SEO plugin v27.4 - https:\/\/yoast.com\/product\/yoast-seo-wordpress\/ -->\n<title>MT3 -<\/title>\n<meta name=\"robots\" content=\"index, follow, max-snippet:-1, max-image-preview:large, max-video-preview:-1\" \/>\n<link rel=\"canonical\" href=\"https:\/\/wenhomm.com\/?product=mt3\" \/>\n<meta property=\"og:locale\" content=\"tr_TR\" \/>\n<meta property=\"og:type\" content=\"article\" \/>\n<meta property=\"og:title\" content=\"MT3 -\" \/>\n<meta property=\"og:description\" content=\"\u00dcr\u00fcnlerimiz m\u00fc\u015fterilemizin ihtiya\u00e7lar\u0131na ve zevklerin g\u00f6re tasarlanmaktad\u0131r.  Detayl\u0131 bilgi i\u00e7in ileti\u015fime ge\u00e7iniz  &nbsp;\" \/>\n<meta property=\"og:url\" content=\"https:\/\/wenhomm.com\/?product=mt3\" \/>\n<meta property=\"article:publisher\" content=\"https:\/\/www.facebook.com\/p\/Wenhomm-100089241637346\/\" \/>\n<meta property=\"article:modified_time\" content=\"2024-09-08T17:53:15+00:00\" \/>\n<meta property=\"og:image\" content=\"https:\/\/wenhomm.com\/wp-content\/uploads\/2024\/08\/m4.jpg\" \/>\n\t<meta property=\"og:image:width\" content=\"1024\" \/>\n\t<meta property=\"og:image:height\" content=\"683\" \/>\n\t<meta property=\"og:image:type\" content=\"image\/jpeg\" \/>\n<meta name=\"twitter:card\" content=\"summary_large_image\" \/>\n<script type=\"application\/ld+json\" class=\"yoast-schema-graph\">{\"@context\":\"https:\\\/\\\/schema.org\",\"@graph\":[{\"@type\":\"WebPage\",\"@id\":\"https:\\\/\\\/wenhomm.com\\\/?product=mt3\",\"url\":\"https:\\\/\\\/wenhomm.com\\\/?product=mt3\",\"name\":\"MT3 -\",\"isPartOf\":{\"@id\":\"https:\\\/\\\/wenhomm.com\\\/#website\"},\"primaryImageOfPage\":{\"@id\":\"https:\\\/\\\/wenhomm.com\\\/?product=mt3#primaryimage\"},\"image\":{\"@id\":\"https:\\\/\\\/wenhomm.com\\\/?product=mt3#primaryimage\"},\"thumbnailUrl\":\"https:\\\/\\\/wenhomm.com\\\/wp-content\\\/uploads\\\/2024\\\/08\\\/m4.jpg\",\"datePublished\":\"2024-08-29T16:28:40+00:00\",\"dateModified\":\"2024-09-08T17:53:15+00:00\",\"breadcrumb\":{\"@id\":\"https:\\\/\\\/wenhomm.com\\\/?product=mt3#breadcrumb\"},\"inLanguage\":\"tr\",\"potentialAction\":[{\"@type\":\"ReadAction\",\"target\":[\"https:\\\/\\\/wenhomm.com\\\/?product=mt3\"]}]},{\"@type\":\"ImageObject\",\"inLanguage\":\"tr\",\"@id\":\"https:\\\/\\\/wenhomm.com\\\/?product=mt3#primaryimage\",\"url\":\"https:\\\/\\\/wenhomm.com\\\/wp-content\\\/uploads\\\/2024\\\/08\\\/m4.jpg\",\"contentUrl\":\"https:\\\/\\\/wenhomm.com\\\/wp-content\\\/uploads\\\/2024\\\/08\\\/m4.jpg\",\"width\":1024,\"height\":683},{\"@type\":\"BreadcrumbList\",\"@id\":\"https:\\\/\\\/wenhomm.com\\\/?product=mt3#breadcrumb\",\"itemListElement\":[{\"@type\":\"ListItem\",\"position\":1,\"name\":\"Anasayfa\",\"item\":\"https:\\\/\\\/wenhomm.com\\\/\"},{\"@type\":\"ListItem\",\"position\":2,\"name\":\"\u00dcR\u00dcNLER\",\"item\":\"https:\\\/\\\/wenhomm.com\\\/?page_id=8\"},{\"@type\":\"ListItem\",\"position\":3,\"name\":\"MT3\"}]},{\"@type\":\"WebSite\",\"@id\":\"https:\\\/\\\/wenhomm.com\\\/#website\",\"url\":\"https:\\\/\\\/wenhomm.com\\\/\",\"name\":\"wenhomm\",\"description\":\"ahsap masif \u00fcr\u00fcnler\",\"publisher\":{\"@id\":\"https:\\\/\\\/wenhomm.com\\\/#organization\"},\"potentialAction\":[{\"@type\":\"SearchAction\",\"target\":{\"@type\":\"EntryPoint\",\"urlTemplate\":\"https:\\\/\\\/wenhomm.com\\\/?s={search_term_string}\"},\"query-input\":{\"@type\":\"PropertyValueSpecification\",\"valueRequired\":true,\"valueName\":\"search_term_string\"}}],\"inLanguage\":\"tr\"},{\"@type\":\"Organization\",\"@id\":\"https:\\\/\\\/wenhomm.com\\\/#organization\",\"name\":\"wenhomm\",\"url\":\"https:\\\/\\\/wenhomm.com\\\/\",\"logo\":{\"@type\":\"ImageObject\",\"inLanguage\":\"tr\",\"@id\":\"https:\\\/\\\/wenhomm.com\\\/#\\\/schema\\\/logo\\\/image\\\/\",\"url\":\"https:\\\/\\\/wenhomm.com\\\/wp-content\\\/uploads\\\/2024\\\/08\\\/cropped-cropped-cropped-Ekran-goruntusu_24-8-2024_162756_.jpeg\",\"contentUrl\":\"https:\\\/\\\/wenhomm.com\\\/wp-content\\\/uploads\\\/2024\\\/08\\\/cropped-cropped-cropped-Ekran-goruntusu_24-8-2024_162756_.jpeg\",\"width\":200,\"height\":75,\"caption\":\"wenhomm\"},\"image\":{\"@id\":\"https:\\\/\\\/wenhomm.com\\\/#\\\/schema\\\/logo\\\/image\\\/\"},\"sameAs\":[\"https:\\\/\\\/www.facebook.com\\\/p\\\/Wenhomm-100089241637346\\\/\",\"https:\\\/\\\/www.instagram.com\\\/wenhomm\\\/\"]}]}<\/script>\n<!-- \/ Yoast SEO plugin. -->","yoast_head_json":{"title":"MT3 -","robots":{"index":"index","follow":"follow","max-snippet":"max-snippet:-1","max-image-preview":"max-image-preview:large","max-video-preview":"max-video-preview:-1"},"canonical":"https:\/\/wenhomm.com\/?product=mt3","og_locale":"tr_TR","og_type":"article","og_title":"MT3 -","og_description":"\u00dcr\u00fcnlerimiz m\u00fc\u015fterilemizin ihtiya\u00e7lar\u0131na ve zevklerin g\u00f6re tasarlanmaktad\u0131r.  Detayl\u0131 bilgi i\u00e7in ileti\u015fime ge\u00e7iniz  &nbsp;","og_url":"https:\/\/wenhomm.com\/?product=mt3","article_publisher":"https:\/\/www.facebook.com\/p\/Wenhomm-100089241637346\/","article_modified_time":"2024-09-08T17:53:15+00:00","og_image":[{"width":1024,"height":683,"url":"https:\/\/wenhomm.com\/wp-content\/uploads\/2024\/08\/m4.jpg","type":"image\/jpeg"}],"twitter_card":"summary_large_image","schema":{"@context":"https:\/\/schema.org","@graph":[{"@type":"WebPage","@id":"https:\/\/wenhomm.com\/?product=mt3","url":"https:\/\/wenhomm.com\/?product=mt3","name":"MT3 -","isPartOf":{"@id":"https:\/\/wenhomm.com\/#website"},"primaryImageOfPage":{"@id":"https:\/\/wenhomm.com\/?product=mt3#primaryimage"},"image":{"@id":"https:\/\/wenhomm.com\/?product=mt3#primaryimage"},"thumbnailUrl":"https:\/\/wenhomm.com\/wp-content\/uploads\/2024\/08\/m4.jpg","datePublished":"2024-08-29T16:28:40+00:00","dateModified":"2024-09-08T17:53:15+00:00","breadcrumb":{"@id":"https:\/\/wenhomm.com\/?product=mt3#breadcrumb"},"inLanguage":"tr","potentialAction":[{"@type":"ReadAction","target":["https:\/\/wenhomm.com\/?product=mt3"]}]},{"@type":"ImageObject","inLanguage":"tr","@id":"https:\/\/wenhomm.com\/?product=mt3#primaryimage","url":"https:\/\/wenhomm.com\/wp-content\/uploads\/2024\/08\/m4.jpg","contentUrl":"https:\/\/wenhomm.com\/wp-content\/uploads\/2024\/08\/m4.jpg","width":1024,"height":683},{"@type":"BreadcrumbList","@id":"https:\/\/wenhomm.com\/?product=mt3#breadcrumb","itemListElement":[{"@type":"ListItem","position":1,"name":"Anasayfa","item":"https:\/\/wenhomm.com\/"},{"@type":"ListItem","position":2,"name":"\u00dcR\u00dcNLER","item":"https:\/\/wenhomm.com\/?page_id=8"},{"@type":"ListItem","position":3,"name":"MT3"}]},{"@type":"WebSite","@id":"https:\/\/wenhomm.com\/#website","url":"https:\/\/wenhomm.com\/","name":"wenhomm","description":"ahsap masif \u00fcr\u00fcnler","publisher":{"@id":"https:\/\/wenhomm.com\/#organization"},"potentialAction":[{"@type":"SearchAction","target":{"@type":"EntryPoint","urlTemplate":"https:\/\/wenhomm.com\/?s={search_term_string}"},"query-input":{"@type":"PropertyValueSpecification","valueRequired":true,"valueName":"search_term_string"}}],"inLanguage":"tr"},{"@type":"Organization","@id":"https:\/\/wenhomm.com\/#organization","name":"wenhomm","url":"https:\/\/wenhomm.com\/","logo":{"@type":"ImageObject","inLanguage":"tr","@id":"https:\/\/wenhomm.com\/#\/schema\/logo\/image\/","url":"https:\/\/wenhomm.com\/wp-content\/uploads\/2024\/08\/cropped-cropped-cropped-Ekran-goruntusu_24-8-2024_162756_.jpeg","contentUrl":"https:\/\/wenhomm.com\/wp-content\/uploads\/2024\/08\/cropped-cropped-cropped-Ekran-goruntusu_24-8-2024_162756_.jpeg","width":200,"height":75,"caption":"wenhomm"},"image":{"@id":"https:\/\/wenhomm.com\/#\/schema\/logo\/image\/"},"sameAs":["https:\/\/www.facebook.com\/p\/Wenhomm-100089241637346\/","https:\/\/www.instagram.com\/wenhomm\/"]}]}},"jetpack_sharing_enabled":true,"_links":{"self":[{"href":"https:\/\/wenhomm.com\/index.php?rest_route=\/wp\/v2\/product\/2100","targetHints":{"allow":["GET"]}}],"collection":[{"href":"https:\/\/wenhomm.com\/index.php?rest_route=\/wp\/v2\/product"}],"about":[{"href":"https:\/\/wenhomm.com\/index.php?rest_route=\/wp\/v2\/types\/product"}],"replies":[{"embeddable":true,"href":"https:\/\/wenhomm.com\/index.php?rest_route=%2Fwp%2Fv2%2Fcomments&post=2100"}],"wp:featuredmedia":[{"embeddable":true,"href":"https:\/\/wenhomm.com\/index.php?rest_route=\/wp\/v2\/media\/2076"}],"wp:attachment":[{"href":"https:\/\/wenhomm.com\/index.php?rest_route=%2Fwp%2Fv2%2Fmedia&parent=2100"}],"wp:term":[{"taxonomy":"product_cat","embeddable":true,"href":"https:\/\/wenhomm.com\/index.php?rest_route=%2Fwp%2Fv2%2Fproduct_cat&post=2100"},{"taxonomy":"product_tag","embeddable":true,"href":"https:\/\/wenhomm.com\/index.php?rest_route=%2Fwp%2Fv2%2Fproduct_tag&post=2100"}],"curies":[{"name":"wp","href":"https:\/\/api.w.org\/{rel}","templated":true}]}}