{"id":2428,"date":"2024-09-25T14:39:38","date_gmt":"2024-09-25T11:39:38","guid":{"rendered":"https:\/\/wenhomm.com\/?post_type=product&#038;p=2428"},"modified":"2024-09-25T14:48:23","modified_gmt":"2024-09-25T11:48:23","slug":"banyo-dolabi-takimi","status":"publish","type":"product","link":"https:\/\/wenhomm.com\/?product=banyo-dolabi-takimi","title":{"rendered":"BANYO DP1"},"content":{"rendered":"","protected":false},"excerpt":{"rendered":"<p>-\u00dcr\u00fcnlerimiz tamam\u0131 2 y\u0131l garantilidir.<\/p>\n<p>-Lavoba 80 lik Dolap 40 l\u0131k<\/p>\n<p>-Dolap g\u00f6vdesi mdf lam beyaz kapaklar <a id=\"fprsl\" class=\"gL9Hy\" href=\"https:\/\/www.google.com\/search?sca_esv=02c44965d6d4b280&amp;sca_upv=1&amp;sxsrf=ADLYWILh0DBUhI54boiUz7mbErWrY316Kg:1727262599462&amp;q=hayglass&amp;spell=1&amp;sa=X&amp;ved=2ahUKEwjQzbLN-t2IAxXURPEDHUScFTcQkeECKAB6BAgJEAE\" data-ved=\"2ahUKEwjQzbLN-t2IAxXURPEDHUScFTcQkeECKAB6BAgJEAE\"><b><i>hayglass<\/i><\/b><\/a><\/p>\n<p>-Turkuaz Lap\u0131no ta\u015f<\/p>\n<p>-\u00dcnsal musluk<\/p>\n<p>-Montaj\u00a0 ve nakliye dahildir.(sadece \u0130stanbul i\u00e7in ge\u00e7erlidir)<\/p>\n<p>-\u0130stek \u00fczerine \u00fcr\u00fcn \u00fczerinde degi\u015filik yap\u0131labilmektedir<\/p>\n<p>&nbsp;<\/p>\n","protected":false},"featured_media":2424,"comment_status":"open","ping_status":"closed","template":"","meta":{"_kad_post_transparent":"default","_kad_post_title":"","_kad_post_layout":"default","_kad_post_sidebar_id":"","_kad_post_content_style":"default","_kad_post_vertical_padding":"default","_kad_post_feature":"","_kad_post_feature_position":"","_kad_post_header":false,"_kad_post_footer":false},"product_cat":[91],"product_tag":[],"class_list":{"0":"post-2428","1":"product","2":"type-product","3":"status-publish","4":"has-post-thumbnail","6":"product_cat-banyo-dolabi","8":"first","9":"instock","10":"taxable","11":"shipping-taxable","12":"purchasable","13":"product-type-simple","14":"entry","15":"content-bg","16":"loop-entry"},"yoast_head":"<!-- This site is optimized with the Yoast SEO plugin v27.4 - https:\/\/yoast.com\/product\/yoast-seo-wordpress\/ -->\n<title>BANYO DP1 - BANYO DOLABI AYNALI TAKIM-LAVABO-MUSLUK<\/title>\n<meta name=\"description\" content=\"Banyo dolab\u0131 tak\u0131m\u0131 2 Kapakl\u0131 aynal\u0131 \u0130stanbul i\u00e7i \u00fccretsiz montaj kurulum .iste\u011fe g\u00f6re mat parlak yap\u0131l\u0131r.g\u00f6vde mdf lam kapaklar hayglass\" \/>\n<meta name=\"robots\" content=\"index, follow, max-snippet:-1, max-image-preview:large, max-video-preview:-1\" \/>\n<link rel=\"canonical\" href=\"https:\/\/wenhomm.com\/?product=banyo-dolabi-takimi\" \/>\n<meta property=\"og:locale\" content=\"tr_TR\" \/>\n<meta property=\"og:type\" content=\"article\" \/>\n<meta property=\"og:title\" content=\"BANYO DP1 - BANYO DOLABI AYNALI TAKIM-LAVABO-MUSLUK\" \/>\n<meta property=\"og:description\" content=\"Banyo dolab\u0131 tak\u0131m\u0131 2 Kapakl\u0131 aynal\u0131 \u0130stanbul i\u00e7i \u00fccretsiz montaj kurulum .iste\u011fe g\u00f6re mat parlak yap\u0131l\u0131r.g\u00f6vde mdf lam kapaklar hayglass\" \/>\n<meta property=\"og:url\" content=\"https:\/\/wenhomm.com\/?product=banyo-dolabi-takimi\" \/>\n<meta property=\"article:publisher\" content=\"https:\/\/www.facebook.com\/p\/Wenhomm-100089241637346\/\" \/>\n<meta property=\"article:modified_time\" content=\"2024-09-25T11:48:23+00:00\" \/>\n<meta property=\"og:image\" content=\"https:\/\/wenhomm.com\/wp-content\/uploads\/2024\/09\/WhatsApp-Gorsel-2024-09-25-saat-13.52.01_a1ee959f-e1727261955688.jpg\" \/>\n\t<meta property=\"og:image:width\" content=\"1042\" \/>\n\t<meta property=\"og:image:height\" content=\"1600\" \/>\n\t<meta property=\"og:image:type\" content=\"image\/jpeg\" \/>\n<meta name=\"twitter:card\" content=\"summary_large_image\" \/>\n<meta name=\"twitter:label1\" content=\"Tahmini okuma s\u00fcresi\" \/>\n\t<meta name=\"twitter:data1\" content=\"1 dakika\" \/>\n<script type=\"application\/ld+json\" class=\"yoast-schema-graph\">{\"@context\":\"https:\\\/\\\/schema.org\",\"@graph\":[{\"@type\":\"WebPage\",\"@id\":\"https:\\\/\\\/wenhomm.com\\\/?product=banyo-dolabi-takimi\",\"url\":\"https:\\\/\\\/wenhomm.com\\\/?product=banyo-dolabi-takimi\",\"name\":\"BANYO DP1 - BANYO DOLABI AYNALI TAKIM-LAVABO-MUSLUK\",\"isPartOf\":{\"@id\":\"https:\\\/\\\/wenhomm.com\\\/#website\"},\"primaryImageOfPage\":{\"@id\":\"https:\\\/\\\/wenhomm.com\\\/?product=banyo-dolabi-takimi#primaryimage\"},\"image\":{\"@id\":\"https:\\\/\\\/wenhomm.com\\\/?product=banyo-dolabi-takimi#primaryimage\"},\"thumbnailUrl\":\"https:\\\/\\\/wenhomm.com\\\/wp-content\\\/uploads\\\/2024\\\/09\\\/WhatsApp-Gorsel-2024-09-25-saat-13.52.01_a1ee959f-e1727261955688.jpg\",\"datePublished\":\"2024-09-25T11:39:38+00:00\",\"dateModified\":\"2024-09-25T11:48:23+00:00\",\"description\":\"Banyo dolab\u0131 tak\u0131m\u0131 2 Kapakl\u0131 aynal\u0131 \u0130stanbul i\u00e7i \u00fccretsiz montaj kurulum .iste\u011fe g\u00f6re mat parlak yap\u0131l\u0131r.g\u00f6vde mdf lam kapaklar hayglass\",\"breadcrumb\":{\"@id\":\"https:\\\/\\\/wenhomm.com\\\/?product=banyo-dolabi-takimi#breadcrumb\"},\"inLanguage\":\"tr\",\"potentialAction\":[{\"@type\":\"ReadAction\",\"target\":[\"https:\\\/\\\/wenhomm.com\\\/?product=banyo-dolabi-takimi\"]}]},{\"@type\":\"ImageObject\",\"inLanguage\":\"tr\",\"@id\":\"https:\\\/\\\/wenhomm.com\\\/?product=banyo-dolabi-takimi#primaryimage\",\"url\":\"https:\\\/\\\/wenhomm.com\\\/wp-content\\\/uploads\\\/2024\\\/09\\\/WhatsApp-Gorsel-2024-09-25-saat-13.52.01_a1ee959f-e1727261955688.jpg\",\"contentUrl\":\"https:\\\/\\\/wenhomm.com\\\/wp-content\\\/uploads\\\/2024\\\/09\\\/WhatsApp-Gorsel-2024-09-25-saat-13.52.01_a1ee959f-e1727261955688.jpg\",\"width\":1042,\"height\":1600},{\"@type\":\"BreadcrumbList\",\"@id\":\"https:\\\/\\\/wenhomm.com\\\/?product=banyo-dolabi-takimi#breadcrumb\",\"itemListElement\":[{\"@type\":\"ListItem\",\"position\":1,\"name\":\"Anasayfa\",\"item\":\"https:\\\/\\\/wenhomm.com\\\/\"},{\"@type\":\"ListItem\",\"position\":2,\"name\":\"\u00dcR\u00dcNLER\",\"item\":\"https:\\\/\\\/wenhomm.com\\\/?page_id=8\"},{\"@type\":\"ListItem\",\"position\":3,\"name\":\"BANYO DP1\"}]},{\"@type\":\"WebSite\",\"@id\":\"https:\\\/\\\/wenhomm.com\\\/#website\",\"url\":\"https:\\\/\\\/wenhomm.com\\\/\",\"name\":\"wenhomm\",\"description\":\"ahsap masif \u00fcr\u00fcnler\",\"publisher\":{\"@id\":\"https:\\\/\\\/wenhomm.com\\\/#organization\"},\"potentialAction\":[{\"@type\":\"SearchAction\",\"target\":{\"@type\":\"EntryPoint\",\"urlTemplate\":\"https:\\\/\\\/wenhomm.com\\\/?s={search_term_string}\"},\"query-input\":{\"@type\":\"PropertyValueSpecification\",\"valueRequired\":true,\"valueName\":\"search_term_string\"}}],\"inLanguage\":\"tr\"},{\"@type\":\"Organization\",\"@id\":\"https:\\\/\\\/wenhomm.com\\\/#organization\",\"name\":\"wenhomm\",\"url\":\"https:\\\/\\\/wenhomm.com\\\/\",\"logo\":{\"@type\":\"ImageObject\",\"inLanguage\":\"tr\",\"@id\":\"https:\\\/\\\/wenhomm.com\\\/#\\\/schema\\\/logo\\\/image\\\/\",\"url\":\"https:\\\/\\\/wenhomm.com\\\/wp-content\\\/uploads\\\/2024\\\/08\\\/cropped-cropped-cropped-Ekran-goruntusu_24-8-2024_162756_.jpeg\",\"contentUrl\":\"https:\\\/\\\/wenhomm.com\\\/wp-content\\\/uploads\\\/2024\\\/08\\\/cropped-cropped-cropped-Ekran-goruntusu_24-8-2024_162756_.jpeg\",\"width\":200,\"height\":75,\"caption\":\"wenhomm\"},\"image\":{\"@id\":\"https:\\\/\\\/wenhomm.com\\\/#\\\/schema\\\/logo\\\/image\\\/\"},\"sameAs\":[\"https:\\\/\\\/www.facebook.com\\\/p\\\/Wenhomm-100089241637346\\\/\",\"https:\\\/\\\/www.instagram.com\\\/wenhomm\\\/\"]}]}<\/script>\n<!-- \/ Yoast SEO plugin. -->","yoast_head_json":{"title":"BANYO DP1 - BANYO DOLABI AYNALI TAKIM-LAVABO-MUSLUK","description":"Banyo dolab\u0131 tak\u0131m\u0131 2 Kapakl\u0131 aynal\u0131 \u0130stanbul i\u00e7i \u00fccretsiz montaj kurulum .iste\u011fe g\u00f6re mat parlak yap\u0131l\u0131r.g\u00f6vde mdf lam kapaklar hayglass","robots":{"index":"index","follow":"follow","max-snippet":"max-snippet:-1","max-image-preview":"max-image-preview:large","max-video-preview":"max-video-preview:-1"},"canonical":"https:\/\/wenhomm.com\/?product=banyo-dolabi-takimi","og_locale":"tr_TR","og_type":"article","og_title":"BANYO DP1 - BANYO DOLABI AYNALI TAKIM-LAVABO-MUSLUK","og_description":"Banyo dolab\u0131 tak\u0131m\u0131 2 Kapakl\u0131 aynal\u0131 \u0130stanbul i\u00e7i \u00fccretsiz montaj kurulum .iste\u011fe g\u00f6re mat parlak yap\u0131l\u0131r.g\u00f6vde mdf lam kapaklar hayglass","og_url":"https:\/\/wenhomm.com\/?product=banyo-dolabi-takimi","article_publisher":"https:\/\/www.facebook.com\/p\/Wenhomm-100089241637346\/","article_modified_time":"2024-09-25T11:48:23+00:00","og_image":[{"width":1042,"height":1600,"url":"https:\/\/wenhomm.com\/wp-content\/uploads\/2024\/09\/WhatsApp-Gorsel-2024-09-25-saat-13.52.01_a1ee959f-e1727261955688.jpg","type":"image\/jpeg"}],"twitter_card":"summary_large_image","twitter_misc":{"Tahmini okuma s\u00fcresi":"1 dakika"},"schema":{"@context":"https:\/\/schema.org","@graph":[{"@type":"WebPage","@id":"https:\/\/wenhomm.com\/?product=banyo-dolabi-takimi","url":"https:\/\/wenhomm.com\/?product=banyo-dolabi-takimi","name":"BANYO DP1 - BANYO DOLABI AYNALI TAKIM-LAVABO-MUSLUK","isPartOf":{"@id":"https:\/\/wenhomm.com\/#website"},"primaryImageOfPage":{"@id":"https:\/\/wenhomm.com\/?product=banyo-dolabi-takimi#primaryimage"},"image":{"@id":"https:\/\/wenhomm.com\/?product=banyo-dolabi-takimi#primaryimage"},"thumbnailUrl":"https:\/\/wenhomm.com\/wp-content\/uploads\/2024\/09\/WhatsApp-Gorsel-2024-09-25-saat-13.52.01_a1ee959f-e1727261955688.jpg","datePublished":"2024-09-25T11:39:38+00:00","dateModified":"2024-09-25T11:48:23+00:00","description":"Banyo dolab\u0131 tak\u0131m\u0131 2 Kapakl\u0131 aynal\u0131 \u0130stanbul i\u00e7i \u00fccretsiz montaj kurulum .iste\u011fe g\u00f6re mat parlak yap\u0131l\u0131r.g\u00f6vde mdf lam kapaklar hayglass","breadcrumb":{"@id":"https:\/\/wenhomm.com\/?product=banyo-dolabi-takimi#breadcrumb"},"inLanguage":"tr","potentialAction":[{"@type":"ReadAction","target":["https:\/\/wenhomm.com\/?product=banyo-dolabi-takimi"]}]},{"@type":"ImageObject","inLanguage":"tr","@id":"https:\/\/wenhomm.com\/?product=banyo-dolabi-takimi#primaryimage","url":"https:\/\/wenhomm.com\/wp-content\/uploads\/2024\/09\/WhatsApp-Gorsel-2024-09-25-saat-13.52.01_a1ee959f-e1727261955688.jpg","contentUrl":"https:\/\/wenhomm.com\/wp-content\/uploads\/2024\/09\/WhatsApp-Gorsel-2024-09-25-saat-13.52.01_a1ee959f-e1727261955688.jpg","width":1042,"height":1600},{"@type":"BreadcrumbList","@id":"https:\/\/wenhomm.com\/?product=banyo-dolabi-takimi#breadcrumb","itemListElement":[{"@type":"ListItem","position":1,"name":"Anasayfa","item":"https:\/\/wenhomm.com\/"},{"@type":"ListItem","position":2,"name":"\u00dcR\u00dcNLER","item":"https:\/\/wenhomm.com\/?page_id=8"},{"@type":"ListItem","position":3,"name":"BANYO DP1"}]},{"@type":"WebSite","@id":"https:\/\/wenhomm.com\/#website","url":"https:\/\/wenhomm.com\/","name":"wenhomm","description":"ahsap masif \u00fcr\u00fcnler","publisher":{"@id":"https:\/\/wenhomm.com\/#organization"},"potentialAction":[{"@type":"SearchAction","target":{"@type":"EntryPoint","urlTemplate":"https:\/\/wenhomm.com\/?s={search_term_string}"},"query-input":{"@type":"PropertyValueSpecification","valueRequired":true,"valueName":"search_term_string"}}],"inLanguage":"tr"},{"@type":"Organization","@id":"https:\/\/wenhomm.com\/#organization","name":"wenhomm","url":"https:\/\/wenhomm.com\/","logo":{"@type":"ImageObject","inLanguage":"tr","@id":"https:\/\/wenhomm.com\/#\/schema\/logo\/image\/","url":"https:\/\/wenhomm.com\/wp-content\/uploads\/2024\/08\/cropped-cropped-cropped-Ekran-goruntusu_24-8-2024_162756_.jpeg","contentUrl":"https:\/\/wenhomm.com\/wp-content\/uploads\/2024\/08\/cropped-cropped-cropped-Ekran-goruntusu_24-8-2024_162756_.jpeg","width":200,"height":75,"caption":"wenhomm"},"image":{"@id":"https:\/\/wenhomm.com\/#\/schema\/logo\/image\/"},"sameAs":["https:\/\/www.facebook.com\/p\/Wenhomm-100089241637346\/","https:\/\/www.instagram.com\/wenhomm\/"]}]}},"jetpack_sharing_enabled":true,"_links":{"self":[{"href":"https:\/\/wenhomm.com\/index.php?rest_route=\/wp\/v2\/product\/2428","targetHints":{"allow":["GET"]}}],"collection":[{"href":"https:\/\/wenhomm.com\/index.php?rest_route=\/wp\/v2\/product"}],"about":[{"href":"https:\/\/wenhomm.com\/index.php?rest_route=\/wp\/v2\/types\/product"}],"replies":[{"embeddable":true,"href":"https:\/\/wenhomm.com\/index.php?rest_route=%2Fwp%2Fv2%2Fcomments&post=2428"}],"wp:featuredmedia":[{"embeddable":true,"href":"https:\/\/wenhomm.com\/index.php?rest_route=\/wp\/v2\/media\/2424"}],"wp:attachment":[{"href":"https:\/\/wenhomm.com\/index.php?rest_route=%2Fwp%2Fv2%2Fmedia&parent=2428"}],"wp:term":[{"taxonomy":"product_cat","embeddable":true,"href":"https:\/\/wenhomm.com\/index.php?rest_route=%2Fwp%2Fv2%2Fproduct_cat&post=2428"},{"taxonomy":"product_tag","embeddable":true,"href":"https:\/\/wenhomm.com\/index.php?rest_route=%2Fwp%2Fv2%2Fproduct_tag&post=2428"}],"curies":[{"name":"wp","href":"https:\/\/api.w.org\/{rel}","templated":true}]}}