{"id":2455,"date":"2024-12-27T11:50:07","date_gmt":"2024-12-27T08:50:07","guid":{"rendered":"https:\/\/wenhomm.com\/?post_type=product&#038;p=2455"},"modified":"2024-12-27T11:50:07","modified_gmt":"2024-12-27T08:50:07","slug":"kayin-masa-takimi-1","status":"publish","type":"product","link":"https:\/\/wenhomm.com\/?product=kayin-masa-takimi-1","title":{"rendered":"KAYIN MASA TAKIMI 1"},"content":{"rendered":"","protected":false},"excerpt":{"rendered":"<p>MASA MODEL\u0130M\u0130Z MAS\u0130F KAYIN A\u011eACINDA EL \u0130\u015e\u00c7\u0130L\u0130\u011e\u0130 \u0130LE YAPILMI\u015eTIR<\/p>\n<p>180 UZUNLUK 90 GEN\u0130\u015e\u0130L\u0130K 75CM Y\u00dcKSEKL\u0130K VARDIR<\/p>\n<p>6 ADET\u00a0 KAYIN SANDALYE MODEL\u0130M\u0130Z<\/p>\n<p>FARKLI \u00d6L\u00c7\u00dc VE RENK SECENEKLER\u0130<\/p>\n","protected":false},"featured_media":2449,"comment_status":"open","ping_status":"closed","template":"","meta":{"_kad_post_transparent":"default","_kad_post_title":"","_kad_post_layout":"default","_kad_post_sidebar_id":"","_kad_post_content_style":"default","_kad_post_vertical_padding":"default","_kad_post_feature":"","_kad_post_feature_position":"","_kad_post_header":false,"_kad_post_footer":false},"product_cat":[93],"product_tag":[],"class_list":{"0":"post-2455","1":"product","2":"type-product","3":"status-publish","4":"has-post-thumbnail","6":"product_cat-masa-takimi","8":"first","9":"instock","10":"taxable","11":"shipping-taxable","12":"purchasable","13":"product-type-simple","14":"entry","15":"content-bg","16":"loop-entry"},"yoast_head":"<!-- This site is optimized with the Yoast SEO plugin v27.4 - https:\/\/yoast.com\/product\/yoast-seo-wordpress\/ -->\n<title>KAYIN MASA TAKIMI 1 -<\/title>\n<meta name=\"description\" content=\"MASA MODEL\u0130M\u0130Z MAS\u0130F KAYIN A\u011eACINDA EL \u0130\u015e\u00c7\u0130L\u0130\u011e\u0130 \u0130LE YAPILMI\u015eTIR180 UZUNLUK 90 GEN\u0130\u015e\u0130L\u0130K 75CM Y\u00dcKSEKL\u0130K VARDIR6 ADET\u00a0 KAYIN SANDALYE MODEL\u0130M\u0130Z\" \/>\n<meta name=\"robots\" content=\"index, follow, max-snippet:-1, max-image-preview:large, max-video-preview:-1\" \/>\n<link rel=\"canonical\" href=\"https:\/\/wenhomm.com\/?product=kayin-masa-takimi-1\" \/>\n<meta property=\"og:locale\" content=\"tr_TR\" \/>\n<meta property=\"og:type\" content=\"article\" \/>\n<meta property=\"og:title\" content=\"KAYIN MASA TAKIMI 1 -\" \/>\n<meta property=\"og:description\" content=\"MASA MODEL\u0130M\u0130Z MAS\u0130F KAYIN A\u011eACINDA EL \u0130\u015e\u00c7\u0130L\u0130\u011e\u0130 \u0130LE YAPILMI\u015eTIR180 UZUNLUK 90 GEN\u0130\u015e\u0130L\u0130K 75CM Y\u00dcKSEKL\u0130K VARDIR6 ADET\u00a0 KAYIN SANDALYE MODEL\u0130M\u0130Z\" \/>\n<meta property=\"og:url\" content=\"https:\/\/wenhomm.com\/?product=kayin-masa-takimi-1\" \/>\n<meta property=\"article:publisher\" content=\"https:\/\/www.facebook.com\/p\/Wenhomm-100089241637346\/\" \/>\n<meta property=\"og:image\" content=\"https:\/\/wenhomm.com\/wp-content\/uploads\/2024\/12\/ms-1.jpg\" \/>\n\t<meta property=\"og:image:width\" content=\"1200\" \/>\n\t<meta property=\"og:image:height\" content=\"1600\" \/>\n\t<meta property=\"og:image:type\" content=\"image\/jpeg\" \/>\n<meta name=\"twitter:card\" content=\"summary_large_image\" \/>\n<meta name=\"twitter:label1\" content=\"Tahmini okuma s\u00fcresi\" \/>\n\t<meta name=\"twitter:data1\" content=\"1 dakika\" \/>\n<script type=\"application\/ld+json\" class=\"yoast-schema-graph\">{\"@context\":\"https:\\\/\\\/schema.org\",\"@graph\":[{\"@type\":\"WebPage\",\"@id\":\"https:\\\/\\\/wenhomm.com\\\/?product=kayin-masa-takimi-1\",\"url\":\"https:\\\/\\\/wenhomm.com\\\/?product=kayin-masa-takimi-1\",\"name\":\"KAYIN MASA TAKIMI 1 -\",\"isPartOf\":{\"@id\":\"https:\\\/\\\/wenhomm.com\\\/#website\"},\"primaryImageOfPage\":{\"@id\":\"https:\\\/\\\/wenhomm.com\\\/?product=kayin-masa-takimi-1#primaryimage\"},\"image\":{\"@id\":\"https:\\\/\\\/wenhomm.com\\\/?product=kayin-masa-takimi-1#primaryimage\"},\"thumbnailUrl\":\"https:\\\/\\\/wenhomm.com\\\/wp-content\\\/uploads\\\/2024\\\/12\\\/ms-1.jpg\",\"datePublished\":\"2024-12-27T08:50:07+00:00\",\"description\":\"MASA MODEL\u0130M\u0130Z MAS\u0130F KAYIN A\u011eACINDA EL \u0130\u015e\u00c7\u0130L\u0130\u011e\u0130 \u0130LE YAPILMI\u015eTIR180 UZUNLUK 90 GEN\u0130\u015e\u0130L\u0130K 75CM Y\u00dcKSEKL\u0130K VARDIR6 ADET\u00a0 KAYIN SANDALYE MODEL\u0130M\u0130Z\",\"breadcrumb\":{\"@id\":\"https:\\\/\\\/wenhomm.com\\\/?product=kayin-masa-takimi-1#breadcrumb\"},\"inLanguage\":\"tr\",\"potentialAction\":[{\"@type\":\"ReadAction\",\"target\":[\"https:\\\/\\\/wenhomm.com\\\/?product=kayin-masa-takimi-1\"]}]},{\"@type\":\"ImageObject\",\"inLanguage\":\"tr\",\"@id\":\"https:\\\/\\\/wenhomm.com\\\/?product=kayin-masa-takimi-1#primaryimage\",\"url\":\"https:\\\/\\\/wenhomm.com\\\/wp-content\\\/uploads\\\/2024\\\/12\\\/ms-1.jpg\",\"contentUrl\":\"https:\\\/\\\/wenhomm.com\\\/wp-content\\\/uploads\\\/2024\\\/12\\\/ms-1.jpg\",\"width\":1200,\"height\":1600},{\"@type\":\"BreadcrumbList\",\"@id\":\"https:\\\/\\\/wenhomm.com\\\/?product=kayin-masa-takimi-1#breadcrumb\",\"itemListElement\":[{\"@type\":\"ListItem\",\"position\":1,\"name\":\"Anasayfa\",\"item\":\"https:\\\/\\\/wenhomm.com\\\/\"},{\"@type\":\"ListItem\",\"position\":2,\"name\":\"\u00dcR\u00dcNLER\",\"item\":\"https:\\\/\\\/wenhomm.com\\\/?page_id=8\"},{\"@type\":\"ListItem\",\"position\":3,\"name\":\"KAYIN MASA TAKIMI 1\"}]},{\"@type\":\"WebSite\",\"@id\":\"https:\\\/\\\/wenhomm.com\\\/#website\",\"url\":\"https:\\\/\\\/wenhomm.com\\\/\",\"name\":\"wenhomm\",\"description\":\"ahsap masif \u00fcr\u00fcnler\",\"publisher\":{\"@id\":\"https:\\\/\\\/wenhomm.com\\\/#organization\"},\"potentialAction\":[{\"@type\":\"SearchAction\",\"target\":{\"@type\":\"EntryPoint\",\"urlTemplate\":\"https:\\\/\\\/wenhomm.com\\\/?s={search_term_string}\"},\"query-input\":{\"@type\":\"PropertyValueSpecification\",\"valueRequired\":true,\"valueName\":\"search_term_string\"}}],\"inLanguage\":\"tr\"},{\"@type\":\"Organization\",\"@id\":\"https:\\\/\\\/wenhomm.com\\\/#organization\",\"name\":\"wenhomm\",\"url\":\"https:\\\/\\\/wenhomm.com\\\/\",\"logo\":{\"@type\":\"ImageObject\",\"inLanguage\":\"tr\",\"@id\":\"https:\\\/\\\/wenhomm.com\\\/#\\\/schema\\\/logo\\\/image\\\/\",\"url\":\"https:\\\/\\\/wenhomm.com\\\/wp-content\\\/uploads\\\/2024\\\/08\\\/cropped-cropped-cropped-Ekran-goruntusu_24-8-2024_162756_.jpeg\",\"contentUrl\":\"https:\\\/\\\/wenhomm.com\\\/wp-content\\\/uploads\\\/2024\\\/08\\\/cropped-cropped-cropped-Ekran-goruntusu_24-8-2024_162756_.jpeg\",\"width\":200,\"height\":75,\"caption\":\"wenhomm\"},\"image\":{\"@id\":\"https:\\\/\\\/wenhomm.com\\\/#\\\/schema\\\/logo\\\/image\\\/\"},\"sameAs\":[\"https:\\\/\\\/www.facebook.com\\\/p\\\/Wenhomm-100089241637346\\\/\",\"https:\\\/\\\/www.instagram.com\\\/wenhomm\\\/\"]}]}<\/script>\n<!-- \/ Yoast SEO plugin. -->","yoast_head_json":{"title":"KAYIN MASA TAKIMI 1 -","description":"MASA MODEL\u0130M\u0130Z MAS\u0130F KAYIN A\u011eACINDA EL \u0130\u015e\u00c7\u0130L\u0130\u011e\u0130 \u0130LE YAPILMI\u015eTIR180 UZUNLUK 90 GEN\u0130\u015e\u0130L\u0130K 75CM Y\u00dcKSEKL\u0130K VARDIR6 ADET\u00a0 KAYIN SANDALYE MODEL\u0130M\u0130Z","robots":{"index":"index","follow":"follow","max-snippet":"max-snippet:-1","max-image-preview":"max-image-preview:large","max-video-preview":"max-video-preview:-1"},"canonical":"https:\/\/wenhomm.com\/?product=kayin-masa-takimi-1","og_locale":"tr_TR","og_type":"article","og_title":"KAYIN MASA TAKIMI 1 -","og_description":"MASA MODEL\u0130M\u0130Z MAS\u0130F KAYIN A\u011eACINDA EL \u0130\u015e\u00c7\u0130L\u0130\u011e\u0130 \u0130LE YAPILMI\u015eTIR180 UZUNLUK 90 GEN\u0130\u015e\u0130L\u0130K 75CM Y\u00dcKSEKL\u0130K VARDIR6 ADET\u00a0 KAYIN SANDALYE MODEL\u0130M\u0130Z","og_url":"https:\/\/wenhomm.com\/?product=kayin-masa-takimi-1","article_publisher":"https:\/\/www.facebook.com\/p\/Wenhomm-100089241637346\/","og_image":[{"width":1200,"height":1600,"url":"https:\/\/wenhomm.com\/wp-content\/uploads\/2024\/12\/ms-1.jpg","type":"image\/jpeg"}],"twitter_card":"summary_large_image","twitter_misc":{"Tahmini okuma s\u00fcresi":"1 dakika"},"schema":{"@context":"https:\/\/schema.org","@graph":[{"@type":"WebPage","@id":"https:\/\/wenhomm.com\/?product=kayin-masa-takimi-1","url":"https:\/\/wenhomm.com\/?product=kayin-masa-takimi-1","name":"KAYIN MASA TAKIMI 1 -","isPartOf":{"@id":"https:\/\/wenhomm.com\/#website"},"primaryImageOfPage":{"@id":"https:\/\/wenhomm.com\/?product=kayin-masa-takimi-1#primaryimage"},"image":{"@id":"https:\/\/wenhomm.com\/?product=kayin-masa-takimi-1#primaryimage"},"thumbnailUrl":"https:\/\/wenhomm.com\/wp-content\/uploads\/2024\/12\/ms-1.jpg","datePublished":"2024-12-27T08:50:07+00:00","description":"MASA MODEL\u0130M\u0130Z MAS\u0130F KAYIN A\u011eACINDA EL \u0130\u015e\u00c7\u0130L\u0130\u011e\u0130 \u0130LE YAPILMI\u015eTIR180 UZUNLUK 90 GEN\u0130\u015e\u0130L\u0130K 75CM Y\u00dcKSEKL\u0130K VARDIR6 ADET\u00a0 KAYIN SANDALYE MODEL\u0130M\u0130Z","breadcrumb":{"@id":"https:\/\/wenhomm.com\/?product=kayin-masa-takimi-1#breadcrumb"},"inLanguage":"tr","potentialAction":[{"@type":"ReadAction","target":["https:\/\/wenhomm.com\/?product=kayin-masa-takimi-1"]}]},{"@type":"ImageObject","inLanguage":"tr","@id":"https:\/\/wenhomm.com\/?product=kayin-masa-takimi-1#primaryimage","url":"https:\/\/wenhomm.com\/wp-content\/uploads\/2024\/12\/ms-1.jpg","contentUrl":"https:\/\/wenhomm.com\/wp-content\/uploads\/2024\/12\/ms-1.jpg","width":1200,"height":1600},{"@type":"BreadcrumbList","@id":"https:\/\/wenhomm.com\/?product=kayin-masa-takimi-1#breadcrumb","itemListElement":[{"@type":"ListItem","position":1,"name":"Anasayfa","item":"https:\/\/wenhomm.com\/"},{"@type":"ListItem","position":2,"name":"\u00dcR\u00dcNLER","item":"https:\/\/wenhomm.com\/?page_id=8"},{"@type":"ListItem","position":3,"name":"KAYIN MASA TAKIMI 1"}]},{"@type":"WebSite","@id":"https:\/\/wenhomm.com\/#website","url":"https:\/\/wenhomm.com\/","name":"wenhomm","description":"ahsap masif \u00fcr\u00fcnler","publisher":{"@id":"https:\/\/wenhomm.com\/#organization"},"potentialAction":[{"@type":"SearchAction","target":{"@type":"EntryPoint","urlTemplate":"https:\/\/wenhomm.com\/?s={search_term_string}"},"query-input":{"@type":"PropertyValueSpecification","valueRequired":true,"valueName":"search_term_string"}}],"inLanguage":"tr"},{"@type":"Organization","@id":"https:\/\/wenhomm.com\/#organization","name":"wenhomm","url":"https:\/\/wenhomm.com\/","logo":{"@type":"ImageObject","inLanguage":"tr","@id":"https:\/\/wenhomm.com\/#\/schema\/logo\/image\/","url":"https:\/\/wenhomm.com\/wp-content\/uploads\/2024\/08\/cropped-cropped-cropped-Ekran-goruntusu_24-8-2024_162756_.jpeg","contentUrl":"https:\/\/wenhomm.com\/wp-content\/uploads\/2024\/08\/cropped-cropped-cropped-Ekran-goruntusu_24-8-2024_162756_.jpeg","width":200,"height":75,"caption":"wenhomm"},"image":{"@id":"https:\/\/wenhomm.com\/#\/schema\/logo\/image\/"},"sameAs":["https:\/\/www.facebook.com\/p\/Wenhomm-100089241637346\/","https:\/\/www.instagram.com\/wenhomm\/"]}]}},"jetpack_sharing_enabled":true,"_links":{"self":[{"href":"https:\/\/wenhomm.com\/index.php?rest_route=\/wp\/v2\/product\/2455","targetHints":{"allow":["GET"]}}],"collection":[{"href":"https:\/\/wenhomm.com\/index.php?rest_route=\/wp\/v2\/product"}],"about":[{"href":"https:\/\/wenhomm.com\/index.php?rest_route=\/wp\/v2\/types\/product"}],"replies":[{"embeddable":true,"href":"https:\/\/wenhomm.com\/index.php?rest_route=%2Fwp%2Fv2%2Fcomments&post=2455"}],"wp:featuredmedia":[{"embeddable":true,"href":"https:\/\/wenhomm.com\/index.php?rest_route=\/wp\/v2\/media\/2449"}],"wp:attachment":[{"href":"https:\/\/wenhomm.com\/index.php?rest_route=%2Fwp%2Fv2%2Fmedia&parent=2455"}],"wp:term":[{"taxonomy":"product_cat","embeddable":true,"href":"https:\/\/wenhomm.com\/index.php?rest_route=%2Fwp%2Fv2%2Fproduct_cat&post=2455"},{"taxonomy":"product_tag","embeddable":true,"href":"https:\/\/wenhomm.com\/index.php?rest_route=%2Fwp%2Fv2%2Fproduct_tag&post=2455"}],"curies":[{"name":"wp","href":"https:\/\/api.w.org\/{rel}","templated":true}]}}