{"id":2840,"date":"2025-02-18T20:17:07","date_gmt":"2025-02-18T17:17:07","guid":{"rendered":"https:\/\/wenhomm.com\/?post_type=product&#038;p=2840"},"modified":"2025-03-27T21:29:42","modified_gmt":"2025-03-27T18:29:42","slug":"bassa-ahsap-bazali-karyola","status":"publish","type":"product","link":"https:\/\/wenhomm.com\/?product=bassa-ahsap-bazali-karyola","title":{"rendered":"Bassa ah\u015fap bazal\u0131 karyola"},"content":{"rendered":"","protected":false},"excerpt":{"rendered":"<p>\u25ca Modelimiz tamam\u0131 kay\u0131n a\u011fac\u0131\u00a0 \u00a0koyu renklendirme ve naturel cila uygulanacakt\u0131r..<\/p>\n<p style=\"text-align: left;\">\u25ca Ah\u015fab\u0131n do\u011fas\u0131 gere\u011fi desen ve renk farkl\u0131l\u0131klar\u0131 olu\u015fabilir.<\/p>\n<p>\u25ca Ayak y\u00fcksekli\u011fi 16 cm,baza toplam y\u00fckseklik 45 cm baza y\u00fckseklik 26cm<\/p>\n<p>\u25ca 5 adet\u00a0 \u00a0toplu \u00fczerinde al\u0131mlarda indirimli \u00f6zel fiyat teklifi alabilirsiniz.<\/p>\n<p>&nbsp;<\/p>\n","protected":false},"featured_media":2036,"comment_status":"open","ping_status":"closed","template":"","meta":{"_kad_post_transparent":"default","_kad_post_title":"","_kad_post_layout":"default","_kad_post_sidebar_id":"","_kad_post_content_style":"default","_kad_post_vertical_padding":"default","_kad_post_feature":"","_kad_post_feature_position":"","_kad_post_header":false,"_kad_post_footer":false},"product_cat":[83],"product_tag":[],"class_list":{"0":"post-2840","1":"product","2":"type-product","3":"status-publish","4":"has-post-thumbnail","6":"product_cat-bazali-karyola","8":"first","9":"instock","10":"taxable","11":"shipping-taxable","12":"purchasable","13":"product-type-simple","14":"entry","15":"content-bg","16":"loop-entry"},"yoast_head":"<!-- This site is optimized with the Yoast SEO plugin v27.4 - https:\/\/yoast.com\/product\/yoast-seo-wordpress\/ -->\n<title>Bassa ah\u015fap bazal\u0131 karyola -<\/title>\n<meta name=\"description\" content=\"ah\u015fap bazal\u0131 karyola, masif karyola ,yatak odas\u0131 tak\u0131m\u0131 ,yatak, masif \u00fcr\u00fcnler,karyola,ranza,kaliteli karyola,sa\u011flam karyola\" \/>\n<meta name=\"robots\" content=\"index, follow, max-snippet:-1, max-image-preview:large, max-video-preview:-1\" \/>\n<link rel=\"canonical\" href=\"https:\/\/wenhomm.com\/?product=bassa-ahsap-bazali-karyola\" \/>\n<meta property=\"og:locale\" content=\"tr_TR\" \/>\n<meta property=\"og:type\" content=\"article\" \/>\n<meta property=\"og:title\" content=\"Bassa ah\u015fap bazal\u0131 karyola -\" \/>\n<meta property=\"og:description\" content=\"ah\u015fap bazal\u0131 karyola, masif karyola ,yatak odas\u0131 tak\u0131m\u0131 ,yatak, masif \u00fcr\u00fcnler,karyola,ranza,kaliteli karyola,sa\u011flam karyola\" \/>\n<meta property=\"og:url\" content=\"https:\/\/wenhomm.com\/?product=bassa-ahsap-bazali-karyola\" \/>\n<meta property=\"article:publisher\" content=\"https:\/\/www.facebook.com\/p\/Wenhomm-100089241637346\/\" \/>\n<meta property=\"article:modified_time\" content=\"2025-03-27T18:29:42+00:00\" \/>\n<meta property=\"og:image\" content=\"https:\/\/wenhomm.com\/wp-content\/uploads\/2024\/08\/URYA-BAZA.jpg\" \/>\n\t<meta property=\"og:image:width\" content=\"738\" \/>\n\t<meta property=\"og:image:height\" content=\"738\" \/>\n\t<meta property=\"og:image:type\" content=\"image\/jpeg\" \/>\n<meta name=\"twitter:card\" content=\"summary_large_image\" \/>\n<meta name=\"twitter:label1\" content=\"Tahmini okuma s\u00fcresi\" \/>\n\t<meta name=\"twitter:data1\" content=\"1 dakika\" \/>\n<script type=\"application\/ld+json\" class=\"yoast-schema-graph\">{\"@context\":\"https:\\\/\\\/schema.org\",\"@graph\":[{\"@type\":\"WebPage\",\"@id\":\"https:\\\/\\\/wenhomm.com\\\/?product=bassa-ahsap-bazali-karyola\",\"url\":\"https:\\\/\\\/wenhomm.com\\\/?product=bassa-ahsap-bazali-karyola\",\"name\":\"Bassa ah\u015fap bazal\u0131 karyola -\",\"isPartOf\":{\"@id\":\"https:\\\/\\\/wenhomm.com\\\/#website\"},\"primaryImageOfPage\":{\"@id\":\"https:\\\/\\\/wenhomm.com\\\/?product=bassa-ahsap-bazali-karyola#primaryimage\"},\"image\":{\"@id\":\"https:\\\/\\\/wenhomm.com\\\/?product=bassa-ahsap-bazali-karyola#primaryimage\"},\"thumbnailUrl\":\"https:\\\/\\\/wenhomm.com\\\/wp-content\\\/uploads\\\/2024\\\/08\\\/URYA-BAZA.jpg\",\"datePublished\":\"2025-02-18T17:17:07+00:00\",\"dateModified\":\"2025-03-27T18:29:42+00:00\",\"description\":\"ah\u015fap bazal\u0131 karyola, masif karyola ,yatak odas\u0131 tak\u0131m\u0131 ,yatak, masif \u00fcr\u00fcnler,karyola,ranza,kaliteli karyola,sa\u011flam karyola\",\"breadcrumb\":{\"@id\":\"https:\\\/\\\/wenhomm.com\\\/?product=bassa-ahsap-bazali-karyola#breadcrumb\"},\"inLanguage\":\"tr\",\"potentialAction\":[{\"@type\":\"ReadAction\",\"target\":[\"https:\\\/\\\/wenhomm.com\\\/?product=bassa-ahsap-bazali-karyola\"]}]},{\"@type\":\"ImageObject\",\"inLanguage\":\"tr\",\"@id\":\"https:\\\/\\\/wenhomm.com\\\/?product=bassa-ahsap-bazali-karyola#primaryimage\",\"url\":\"https:\\\/\\\/wenhomm.com\\\/wp-content\\\/uploads\\\/2024\\\/08\\\/URYA-BAZA.jpg\",\"contentUrl\":\"https:\\\/\\\/wenhomm.com\\\/wp-content\\\/uploads\\\/2024\\\/08\\\/URYA-BAZA.jpg\",\"width\":738,\"height\":738},{\"@type\":\"BreadcrumbList\",\"@id\":\"https:\\\/\\\/wenhomm.com\\\/?product=bassa-ahsap-bazali-karyola#breadcrumb\",\"itemListElement\":[{\"@type\":\"ListItem\",\"position\":1,\"name\":\"Anasayfa\",\"item\":\"https:\\\/\\\/wenhomm.com\\\/\"},{\"@type\":\"ListItem\",\"position\":2,\"name\":\"\u00dcR\u00dcNLER\",\"item\":\"https:\\\/\\\/wenhomm.com\\\/?page_id=8\"},{\"@type\":\"ListItem\",\"position\":3,\"name\":\"Bassa ah\u015fap bazal\u0131 karyola\"}]},{\"@type\":\"WebSite\",\"@id\":\"https:\\\/\\\/wenhomm.com\\\/#website\",\"url\":\"https:\\\/\\\/wenhomm.com\\\/\",\"name\":\"wenhomm\",\"description\":\"ahsap masif \u00fcr\u00fcnler\",\"publisher\":{\"@id\":\"https:\\\/\\\/wenhomm.com\\\/#organization\"},\"potentialAction\":[{\"@type\":\"SearchAction\",\"target\":{\"@type\":\"EntryPoint\",\"urlTemplate\":\"https:\\\/\\\/wenhomm.com\\\/?s={search_term_string}\"},\"query-input\":{\"@type\":\"PropertyValueSpecification\",\"valueRequired\":true,\"valueName\":\"search_term_string\"}}],\"inLanguage\":\"tr\"},{\"@type\":\"Organization\",\"@id\":\"https:\\\/\\\/wenhomm.com\\\/#organization\",\"name\":\"wenhomm\",\"url\":\"https:\\\/\\\/wenhomm.com\\\/\",\"logo\":{\"@type\":\"ImageObject\",\"inLanguage\":\"tr\",\"@id\":\"https:\\\/\\\/wenhomm.com\\\/#\\\/schema\\\/logo\\\/image\\\/\",\"url\":\"https:\\\/\\\/wenhomm.com\\\/wp-content\\\/uploads\\\/2024\\\/08\\\/cropped-cropped-cropped-Ekran-goruntusu_24-8-2024_162756_.jpeg\",\"contentUrl\":\"https:\\\/\\\/wenhomm.com\\\/wp-content\\\/uploads\\\/2024\\\/08\\\/cropped-cropped-cropped-Ekran-goruntusu_24-8-2024_162756_.jpeg\",\"width\":200,\"height\":75,\"caption\":\"wenhomm\"},\"image\":{\"@id\":\"https:\\\/\\\/wenhomm.com\\\/#\\\/schema\\\/logo\\\/image\\\/\"},\"sameAs\":[\"https:\\\/\\\/www.facebook.com\\\/p\\\/Wenhomm-100089241637346\\\/\",\"https:\\\/\\\/www.instagram.com\\\/wenhomm\\\/\"]}]}<\/script>\n<!-- \/ Yoast SEO plugin. -->","yoast_head_json":{"title":"Bassa ah\u015fap bazal\u0131 karyola -","description":"ah\u015fap bazal\u0131 karyola, masif karyola ,yatak odas\u0131 tak\u0131m\u0131 ,yatak, masif \u00fcr\u00fcnler,karyola,ranza,kaliteli karyola,sa\u011flam karyola","robots":{"index":"index","follow":"follow","max-snippet":"max-snippet:-1","max-image-preview":"max-image-preview:large","max-video-preview":"max-video-preview:-1"},"canonical":"https:\/\/wenhomm.com\/?product=bassa-ahsap-bazali-karyola","og_locale":"tr_TR","og_type":"article","og_title":"Bassa ah\u015fap bazal\u0131 karyola -","og_description":"ah\u015fap bazal\u0131 karyola, masif karyola ,yatak odas\u0131 tak\u0131m\u0131 ,yatak, masif \u00fcr\u00fcnler,karyola,ranza,kaliteli karyola,sa\u011flam karyola","og_url":"https:\/\/wenhomm.com\/?product=bassa-ahsap-bazali-karyola","article_publisher":"https:\/\/www.facebook.com\/p\/Wenhomm-100089241637346\/","article_modified_time":"2025-03-27T18:29:42+00:00","og_image":[{"width":738,"height":738,"url":"https:\/\/wenhomm.com\/wp-content\/uploads\/2024\/08\/URYA-BAZA.jpg","type":"image\/jpeg"}],"twitter_card":"summary_large_image","twitter_misc":{"Tahmini okuma s\u00fcresi":"1 dakika"},"schema":{"@context":"https:\/\/schema.org","@graph":[{"@type":"WebPage","@id":"https:\/\/wenhomm.com\/?product=bassa-ahsap-bazali-karyola","url":"https:\/\/wenhomm.com\/?product=bassa-ahsap-bazali-karyola","name":"Bassa ah\u015fap bazal\u0131 karyola -","isPartOf":{"@id":"https:\/\/wenhomm.com\/#website"},"primaryImageOfPage":{"@id":"https:\/\/wenhomm.com\/?product=bassa-ahsap-bazali-karyola#primaryimage"},"image":{"@id":"https:\/\/wenhomm.com\/?product=bassa-ahsap-bazali-karyola#primaryimage"},"thumbnailUrl":"https:\/\/wenhomm.com\/wp-content\/uploads\/2024\/08\/URYA-BAZA.jpg","datePublished":"2025-02-18T17:17:07+00:00","dateModified":"2025-03-27T18:29:42+00:00","description":"ah\u015fap bazal\u0131 karyola, masif karyola ,yatak odas\u0131 tak\u0131m\u0131 ,yatak, masif \u00fcr\u00fcnler,karyola,ranza,kaliteli karyola,sa\u011flam karyola","breadcrumb":{"@id":"https:\/\/wenhomm.com\/?product=bassa-ahsap-bazali-karyola#breadcrumb"},"inLanguage":"tr","potentialAction":[{"@type":"ReadAction","target":["https:\/\/wenhomm.com\/?product=bassa-ahsap-bazali-karyola"]}]},{"@type":"ImageObject","inLanguage":"tr","@id":"https:\/\/wenhomm.com\/?product=bassa-ahsap-bazali-karyola#primaryimage","url":"https:\/\/wenhomm.com\/wp-content\/uploads\/2024\/08\/URYA-BAZA.jpg","contentUrl":"https:\/\/wenhomm.com\/wp-content\/uploads\/2024\/08\/URYA-BAZA.jpg","width":738,"height":738},{"@type":"BreadcrumbList","@id":"https:\/\/wenhomm.com\/?product=bassa-ahsap-bazali-karyola#breadcrumb","itemListElement":[{"@type":"ListItem","position":1,"name":"Anasayfa","item":"https:\/\/wenhomm.com\/"},{"@type":"ListItem","position":2,"name":"\u00dcR\u00dcNLER","item":"https:\/\/wenhomm.com\/?page_id=8"},{"@type":"ListItem","position":3,"name":"Bassa ah\u015fap bazal\u0131 karyola"}]},{"@type":"WebSite","@id":"https:\/\/wenhomm.com\/#website","url":"https:\/\/wenhomm.com\/","name":"wenhomm","description":"ahsap masif \u00fcr\u00fcnler","publisher":{"@id":"https:\/\/wenhomm.com\/#organization"},"potentialAction":[{"@type":"SearchAction","target":{"@type":"EntryPoint","urlTemplate":"https:\/\/wenhomm.com\/?s={search_term_string}"},"query-input":{"@type":"PropertyValueSpecification","valueRequired":true,"valueName":"search_term_string"}}],"inLanguage":"tr"},{"@type":"Organization","@id":"https:\/\/wenhomm.com\/#organization","name":"wenhomm","url":"https:\/\/wenhomm.com\/","logo":{"@type":"ImageObject","inLanguage":"tr","@id":"https:\/\/wenhomm.com\/#\/schema\/logo\/image\/","url":"https:\/\/wenhomm.com\/wp-content\/uploads\/2024\/08\/cropped-cropped-cropped-Ekran-goruntusu_24-8-2024_162756_.jpeg","contentUrl":"https:\/\/wenhomm.com\/wp-content\/uploads\/2024\/08\/cropped-cropped-cropped-Ekran-goruntusu_24-8-2024_162756_.jpeg","width":200,"height":75,"caption":"wenhomm"},"image":{"@id":"https:\/\/wenhomm.com\/#\/schema\/logo\/image\/"},"sameAs":["https:\/\/www.facebook.com\/p\/Wenhomm-100089241637346\/","https:\/\/www.instagram.com\/wenhomm\/"]}]}},"jetpack_sharing_enabled":true,"_links":{"self":[{"href":"https:\/\/wenhomm.com\/index.php?rest_route=\/wp\/v2\/product\/2840","targetHints":{"allow":["GET"]}}],"collection":[{"href":"https:\/\/wenhomm.com\/index.php?rest_route=\/wp\/v2\/product"}],"about":[{"href":"https:\/\/wenhomm.com\/index.php?rest_route=\/wp\/v2\/types\/product"}],"replies":[{"embeddable":true,"href":"https:\/\/wenhomm.com\/index.php?rest_route=%2Fwp%2Fv2%2Fcomments&post=2840"}],"wp:featuredmedia":[{"embeddable":true,"href":"https:\/\/wenhomm.com\/index.php?rest_route=\/wp\/v2\/media\/2036"}],"wp:attachment":[{"href":"https:\/\/wenhomm.com\/index.php?rest_route=%2Fwp%2Fv2%2Fmedia&parent=2840"}],"wp:term":[{"taxonomy":"product_cat","embeddable":true,"href":"https:\/\/wenhomm.com\/index.php?rest_route=%2Fwp%2Fv2%2Fproduct_cat&post=2840"},{"taxonomy":"product_tag","embeddable":true,"href":"https:\/\/wenhomm.com\/index.php?rest_route=%2Fwp%2Fv2%2Fproduct_tag&post=2840"}],"curies":[{"name":"wp","href":"https:\/\/api.w.org\/{rel}","templated":true}]}}