{"id":727,"date":"2023-01-23T02:00:38","date_gmt":"2023-01-22T23:00:38","guid":{"rendered":"https:\/\/wenhomm.com\/?post_type=product&#038;p=727"},"modified":"2025-02-12T12:15:07","modified_gmt":"2025-02-12T09:15:07","slug":"rumbod-komodin","status":"publish","type":"product","link":"https:\/\/wenhomm.com\/?product=rumbod-komodin","title":{"rendered":"RUMBOD KOMOD\u0130N"},"content":{"rendered":"<p>\u25ca Modelimiz tamam\u0131 kay\u0131n a\u011fac\u0131\u00a0 \u00a0ve naturel cila uygulanacakt\u0131r..<\/p>\n<p>\u25caGEN: 40CM\u00a0 DER:35CM Y\u00dcK:50CM<\/p>\n<p style=\"text-align: left;\">\u25ca Ah\u015fab\u0131n do\u011fas\u0131 gere\u011fi desen ve renk farkl\u0131l\u0131klar\u0131 olu\u015fabilir.<\/p>\n<p>\u25ca Me\u015fe ,kestane ,ceviz , iroko vb. ah\u015fap t\u00fcrlerinde fiyat almak i\u00e7in\u00a0 l\u00fctfen ileti\u015fime ge\u00e7in.<\/p>\n<p>\u25ca 5 adet\u00a0 \u00a0toplu \u00fczerinde al\u0131mlarda indirimli \u00f6zel fiyat teklifi alabilirsiniz.<\/p>\n<p>&nbsp;<\/p>\n","protected":false},"excerpt":{"rendered":"<p>\u2666 1.s\u0131n\u0131f tamam\u0131 masif ah\u015fap olan modelimiz yo\u011fun el i\u015f\u00e7ili\u011fi ile yap\u0131lmaktad\u0131r.<br \/>\n\u2666\u00a0\u00dcr\u00fcnlerimiz \u00f6zel \u00fcretim oldu\u011fu i\u00e7in renk,\u00f6l\u00e7\u00fc,y\u00fckseklik,derinlik vb. de\u011fi\u015fiklik yapabiliriz<br \/>\n\u2666\u00a0Mobilyalar\u0131n\u0131z\u0131 nemli bezle silerek temizleyebilirsiniz. Y\u00fczeyin uzun s\u00fcre su ile temas\u0131ndan ka\u00e7\u0131n\u0131n\u0131z<\/p>\n","protected":false},"featured_media":1931,"comment_status":"open","ping_status":"closed","template":"","meta":{"_kad_post_transparent":"default","_kad_post_title":"","_kad_post_layout":"default","_kad_post_sidebar_id":"","_kad_post_content_style":"default","_kad_post_vertical_padding":"default","_kad_post_feature":"","_kad_post_feature_position":"","_kad_post_header":false,"_kad_post_footer":false},"product_cat":[38],"product_tag":[],"class_list":{"0":"post-727","1":"product","2":"type-product","3":"status-publish","4":"has-post-thumbnail","6":"product_cat-komodin","8":"first","9":"instock","10":"taxable","11":"shipping-taxable","12":"purchasable","13":"product-type-simple","14":"entry","15":"content-bg","16":"loop-entry"},"yoast_head":"<!-- This site is optimized with the Yoast SEO plugin v27.4 - https:\/\/yoast.com\/product\/yoast-seo-wordpress\/ -->\n<title>RUMBOD KOMOD\u0130N -<\/title>\n<meta name=\"robots\" content=\"index, follow, max-snippet:-1, max-image-preview:large, max-video-preview:-1\" \/>\n<link rel=\"canonical\" href=\"https:\/\/wenhomm.com\/?product=rumbod-komodin\" \/>\n<meta property=\"og:locale\" content=\"tr_TR\" \/>\n<meta property=\"og:type\" content=\"article\" \/>\n<meta property=\"og:title\" content=\"RUMBOD KOMOD\u0130N -\" \/>\n<meta property=\"og:description\" content=\"\u2666 1.s\u0131n\u0131f tamam\u0131 masif ah\u015fap olan modelimiz yo\u011fun el i\u015f\u00e7ili\u011fi ile yap\u0131lmaktad\u0131r. \u2666\u00a0\u00dcr\u00fcnlerimiz \u00f6zel \u00fcretim oldu\u011fu i\u00e7in renk,\u00f6l\u00e7\u00fc,y\u00fckseklik,derinlik vb. de\u011fi\u015fiklik yapabiliriz \u2666\u00a0Mobilyalar\u0131n\u0131z\u0131 nemli bezle silerek temizleyebilirsiniz. Y\u00fczeyin uzun s\u00fcre su ile temas\u0131ndan ka\u00e7\u0131n\u0131n\u0131z\" \/>\n<meta property=\"og:url\" content=\"https:\/\/wenhomm.com\/?product=rumbod-komodin\" \/>\n<meta property=\"article:publisher\" content=\"https:\/\/www.facebook.com\/p\/Wenhomm-100089241637346\/\" \/>\n<meta property=\"article:modified_time\" content=\"2025-02-12T09:15:07+00:00\" \/>\n<meta property=\"og:image\" content=\"https:\/\/wenhomm.com\/wp-content\/uploads\/2024\/08\/IMG_20220614_131451-scaled.jpg\" \/>\n\t<meta property=\"og:image:width\" content=\"2560\" \/>\n\t<meta property=\"og:image:height\" content=\"1920\" \/>\n\t<meta property=\"og:image:type\" content=\"image\/jpeg\" \/>\n<meta name=\"twitter:card\" content=\"summary_large_image\" \/>\n<meta name=\"twitter:label1\" content=\"Tahmini okuma s\u00fcresi\" \/>\n\t<meta name=\"twitter:data1\" content=\"1 dakika\" \/>\n<script type=\"application\/ld+json\" class=\"yoast-schema-graph\">{\"@context\":\"https:\\\/\\\/schema.org\",\"@graph\":[{\"@type\":\"WebPage\",\"@id\":\"https:\\\/\\\/wenhomm.com\\\/?product=rumbod-komodin\",\"url\":\"https:\\\/\\\/wenhomm.com\\\/?product=rumbod-komodin\",\"name\":\"RUMBOD KOMOD\u0130N -\",\"isPartOf\":{\"@id\":\"https:\\\/\\\/wenhomm.com\\\/#website\"},\"primaryImageOfPage\":{\"@id\":\"https:\\\/\\\/wenhomm.com\\\/?product=rumbod-komodin#primaryimage\"},\"image\":{\"@id\":\"https:\\\/\\\/wenhomm.com\\\/?product=rumbod-komodin#primaryimage\"},\"thumbnailUrl\":\"https:\\\/\\\/wenhomm.com\\\/wp-content\\\/uploads\\\/2024\\\/08\\\/IMG_20220614_131451-scaled.jpg\",\"datePublished\":\"2023-01-22T23:00:38+00:00\",\"dateModified\":\"2025-02-12T09:15:07+00:00\",\"breadcrumb\":{\"@id\":\"https:\\\/\\\/wenhomm.com\\\/?product=rumbod-komodin#breadcrumb\"},\"inLanguage\":\"tr\",\"potentialAction\":[{\"@type\":\"ReadAction\",\"target\":[\"https:\\\/\\\/wenhomm.com\\\/?product=rumbod-komodin\"]}]},{\"@type\":\"ImageObject\",\"inLanguage\":\"tr\",\"@id\":\"https:\\\/\\\/wenhomm.com\\\/?product=rumbod-komodin#primaryimage\",\"url\":\"https:\\\/\\\/wenhomm.com\\\/wp-content\\\/uploads\\\/2024\\\/08\\\/IMG_20220614_131451-scaled.jpg\",\"contentUrl\":\"https:\\\/\\\/wenhomm.com\\\/wp-content\\\/uploads\\\/2024\\\/08\\\/IMG_20220614_131451-scaled.jpg\",\"width\":2560,\"height\":1920},{\"@type\":\"BreadcrumbList\",\"@id\":\"https:\\\/\\\/wenhomm.com\\\/?product=rumbod-komodin#breadcrumb\",\"itemListElement\":[{\"@type\":\"ListItem\",\"position\":1,\"name\":\"Anasayfa\",\"item\":\"https:\\\/\\\/wenhomm.com\\\/\"},{\"@type\":\"ListItem\",\"position\":2,\"name\":\"\u00dcR\u00dcNLER\",\"item\":\"https:\\\/\\\/wenhomm.com\\\/?page_id=8\"},{\"@type\":\"ListItem\",\"position\":3,\"name\":\"RUMBOD KOMOD\u0130N\"}]},{\"@type\":\"WebSite\",\"@id\":\"https:\\\/\\\/wenhomm.com\\\/#website\",\"url\":\"https:\\\/\\\/wenhomm.com\\\/\",\"name\":\"wenhomm\",\"description\":\"ahsap masif \u00fcr\u00fcnler\",\"publisher\":{\"@id\":\"https:\\\/\\\/wenhomm.com\\\/#organization\"},\"potentialAction\":[{\"@type\":\"SearchAction\",\"target\":{\"@type\":\"EntryPoint\",\"urlTemplate\":\"https:\\\/\\\/wenhomm.com\\\/?s={search_term_string}\"},\"query-input\":{\"@type\":\"PropertyValueSpecification\",\"valueRequired\":true,\"valueName\":\"search_term_string\"}}],\"inLanguage\":\"tr\"},{\"@type\":\"Organization\",\"@id\":\"https:\\\/\\\/wenhomm.com\\\/#organization\",\"name\":\"wenhomm\",\"url\":\"https:\\\/\\\/wenhomm.com\\\/\",\"logo\":{\"@type\":\"ImageObject\",\"inLanguage\":\"tr\",\"@id\":\"https:\\\/\\\/wenhomm.com\\\/#\\\/schema\\\/logo\\\/image\\\/\",\"url\":\"https:\\\/\\\/wenhomm.com\\\/wp-content\\\/uploads\\\/2024\\\/08\\\/cropped-cropped-cropped-Ekran-goruntusu_24-8-2024_162756_.jpeg\",\"contentUrl\":\"https:\\\/\\\/wenhomm.com\\\/wp-content\\\/uploads\\\/2024\\\/08\\\/cropped-cropped-cropped-Ekran-goruntusu_24-8-2024_162756_.jpeg\",\"width\":200,\"height\":75,\"caption\":\"wenhomm\"},\"image\":{\"@id\":\"https:\\\/\\\/wenhomm.com\\\/#\\\/schema\\\/logo\\\/image\\\/\"},\"sameAs\":[\"https:\\\/\\\/www.facebook.com\\\/p\\\/Wenhomm-100089241637346\\\/\",\"https:\\\/\\\/www.instagram.com\\\/wenhomm\\\/\"]}]}<\/script>\n<!-- \/ Yoast SEO plugin. -->","yoast_head_json":{"title":"RUMBOD KOMOD\u0130N -","robots":{"index":"index","follow":"follow","max-snippet":"max-snippet:-1","max-image-preview":"max-image-preview:large","max-video-preview":"max-video-preview:-1"},"canonical":"https:\/\/wenhomm.com\/?product=rumbod-komodin","og_locale":"tr_TR","og_type":"article","og_title":"RUMBOD KOMOD\u0130N -","og_description":"\u2666 1.s\u0131n\u0131f tamam\u0131 masif ah\u015fap olan modelimiz yo\u011fun el i\u015f\u00e7ili\u011fi ile yap\u0131lmaktad\u0131r. \u2666\u00a0\u00dcr\u00fcnlerimiz \u00f6zel \u00fcretim oldu\u011fu i\u00e7in renk,\u00f6l\u00e7\u00fc,y\u00fckseklik,derinlik vb. de\u011fi\u015fiklik yapabiliriz \u2666\u00a0Mobilyalar\u0131n\u0131z\u0131 nemli bezle silerek temizleyebilirsiniz. Y\u00fczeyin uzun s\u00fcre su ile temas\u0131ndan ka\u00e7\u0131n\u0131n\u0131z","og_url":"https:\/\/wenhomm.com\/?product=rumbod-komodin","article_publisher":"https:\/\/www.facebook.com\/p\/Wenhomm-100089241637346\/","article_modified_time":"2025-02-12T09:15:07+00:00","og_image":[{"width":2560,"height":1920,"url":"https:\/\/wenhomm.com\/wp-content\/uploads\/2024\/08\/IMG_20220614_131451-scaled.jpg","type":"image\/jpeg"}],"twitter_card":"summary_large_image","twitter_misc":{"Tahmini okuma s\u00fcresi":"1 dakika"},"schema":{"@context":"https:\/\/schema.org","@graph":[{"@type":"WebPage","@id":"https:\/\/wenhomm.com\/?product=rumbod-komodin","url":"https:\/\/wenhomm.com\/?product=rumbod-komodin","name":"RUMBOD KOMOD\u0130N -","isPartOf":{"@id":"https:\/\/wenhomm.com\/#website"},"primaryImageOfPage":{"@id":"https:\/\/wenhomm.com\/?product=rumbod-komodin#primaryimage"},"image":{"@id":"https:\/\/wenhomm.com\/?product=rumbod-komodin#primaryimage"},"thumbnailUrl":"https:\/\/wenhomm.com\/wp-content\/uploads\/2024\/08\/IMG_20220614_131451-scaled.jpg","datePublished":"2023-01-22T23:00:38+00:00","dateModified":"2025-02-12T09:15:07+00:00","breadcrumb":{"@id":"https:\/\/wenhomm.com\/?product=rumbod-komodin#breadcrumb"},"inLanguage":"tr","potentialAction":[{"@type":"ReadAction","target":["https:\/\/wenhomm.com\/?product=rumbod-komodin"]}]},{"@type":"ImageObject","inLanguage":"tr","@id":"https:\/\/wenhomm.com\/?product=rumbod-komodin#primaryimage","url":"https:\/\/wenhomm.com\/wp-content\/uploads\/2024\/08\/IMG_20220614_131451-scaled.jpg","contentUrl":"https:\/\/wenhomm.com\/wp-content\/uploads\/2024\/08\/IMG_20220614_131451-scaled.jpg","width":2560,"height":1920},{"@type":"BreadcrumbList","@id":"https:\/\/wenhomm.com\/?product=rumbod-komodin#breadcrumb","itemListElement":[{"@type":"ListItem","position":1,"name":"Anasayfa","item":"https:\/\/wenhomm.com\/"},{"@type":"ListItem","position":2,"name":"\u00dcR\u00dcNLER","item":"https:\/\/wenhomm.com\/?page_id=8"},{"@type":"ListItem","position":3,"name":"RUMBOD KOMOD\u0130N"}]},{"@type":"WebSite","@id":"https:\/\/wenhomm.com\/#website","url":"https:\/\/wenhomm.com\/","name":"wenhomm","description":"ahsap masif \u00fcr\u00fcnler","publisher":{"@id":"https:\/\/wenhomm.com\/#organization"},"potentialAction":[{"@type":"SearchAction","target":{"@type":"EntryPoint","urlTemplate":"https:\/\/wenhomm.com\/?s={search_term_string}"},"query-input":{"@type":"PropertyValueSpecification","valueRequired":true,"valueName":"search_term_string"}}],"inLanguage":"tr"},{"@type":"Organization","@id":"https:\/\/wenhomm.com\/#organization","name":"wenhomm","url":"https:\/\/wenhomm.com\/","logo":{"@type":"ImageObject","inLanguage":"tr","@id":"https:\/\/wenhomm.com\/#\/schema\/logo\/image\/","url":"https:\/\/wenhomm.com\/wp-content\/uploads\/2024\/08\/cropped-cropped-cropped-Ekran-goruntusu_24-8-2024_162756_.jpeg","contentUrl":"https:\/\/wenhomm.com\/wp-content\/uploads\/2024\/08\/cropped-cropped-cropped-Ekran-goruntusu_24-8-2024_162756_.jpeg","width":200,"height":75,"caption":"wenhomm"},"image":{"@id":"https:\/\/wenhomm.com\/#\/schema\/logo\/image\/"},"sameAs":["https:\/\/www.facebook.com\/p\/Wenhomm-100089241637346\/","https:\/\/www.instagram.com\/wenhomm\/"]}]}},"jetpack_sharing_enabled":true,"_links":{"self":[{"href":"https:\/\/wenhomm.com\/index.php?rest_route=\/wp\/v2\/product\/727","targetHints":{"allow":["GET"]}}],"collection":[{"href":"https:\/\/wenhomm.com\/index.php?rest_route=\/wp\/v2\/product"}],"about":[{"href":"https:\/\/wenhomm.com\/index.php?rest_route=\/wp\/v2\/types\/product"}],"replies":[{"embeddable":true,"href":"https:\/\/wenhomm.com\/index.php?rest_route=%2Fwp%2Fv2%2Fcomments&post=727"}],"wp:featuredmedia":[{"embeddable":true,"href":"https:\/\/wenhomm.com\/index.php?rest_route=\/wp\/v2\/media\/1931"}],"wp:attachment":[{"href":"https:\/\/wenhomm.com\/index.php?rest_route=%2Fwp%2Fv2%2Fmedia&parent=727"}],"wp:term":[{"taxonomy":"product_cat","embeddable":true,"href":"https:\/\/wenhomm.com\/index.php?rest_route=%2Fwp%2Fv2%2Fproduct_cat&post=727"},{"taxonomy":"product_tag","embeddable":true,"href":"https:\/\/wenhomm.com\/index.php?rest_route=%2Fwp%2Fv2%2Fproduct_tag&post=727"}],"curies":[{"name":"wp","href":"https:\/\/api.w.org\/{rel}","templated":true}]}}